{"id":1259,"date":"2019-05-22T17:32:04","date_gmt":"2019-05-22T17:32:04","guid":{"rendered":"http:\/\/lec.cv\/lecepe\/?page_id=1259"},"modified":"2020-04-16T20:20:11","modified_gmt":"2020-04-16T21:20:11","slug":"programasocial","status":"publish","type":"page","link":"https:\/\/lec.cv\/lecepe\/programasocial\/","title":{"rendered":"Programa Social"},"content":{"rendered":"\t\t<div data-elementor-type=\"wp-post\" data-elementor-id=\"1259\" class=\"elementor elementor-1259\">\n\t\t\t\t\t\t<section class=\"elementor-section elementor-top-section elementor-element elementor-element-4ff71a1 elementor-section-height-min-height elementor-section-items-stretch elementor-section-boxed elementor-section-height-default\" data-id=\"4ff71a1\" data-element_type=\"section\" data-settings=\"{&quot;background_background&quot;:&quot;classic&quot;}\">\n\t\t\t\t\t\t<div class=\"elementor-container elementor-column-gap-default\">\n\t\t\t\t\t<div class=\"elementor-column elementor-col-100 elementor-top-column elementor-element elementor-element-f4d32d6\" data-id=\"f4d32d6\" data-element_type=\"column\" data-settings=\"{&quot;background_background&quot;:&quot;classic&quot;}\">\n\t\t\t<div class=\"elementor-widget-wrap elementor-element-populated\">\n\t\t\t\t\t\t<div class=\"elementor-element elementor-element-9ce5924 elementor-position-left elementor-vertical-align-bottom elementor-view-default elementor-mobile-position-top elementor-widget elementor-widget-icon-box\" data-id=\"9ce5924\" data-element_type=\"widget\" data-widget_type=\"icon-box.default\">\n\t\t\t\t<div class=\"elementor-widget-container\">\n\t\t\t\t\t\t\t<div class=\"elementor-icon-box-wrapper\">\n\n\t\t\t\t\t\t<div class=\"elementor-icon-box-icon\">\n\t\t\t\t<span  class=\"elementor-icon\">\n\t\t\t\t<i aria-hidden=\"true\" class=\"fas fa-bullseye\"><\/i>\t\t\t\t<\/span>\n\t\t\t<\/div>\n\t\t\t\n\t\t\t\t\t\t<div class=\"elementor-icon-box-content\">\n\n\t\t\t\t\t\t\t\t\t<h2 class=\"elementor-icon-box-title\">\n\t\t\t\t\t\t<span  >\n\t\t\t\t\t\t\tPrograma Social\t\t\t\t\t\t<\/span>\n\t\t\t\t\t<\/h2>\n\t\t\t\t\n\t\t\t\t\n\t\t\t<\/div>\n\t\t\t\n\t\t<\/div>\n\t\t\t\t\t\t<\/div>\n\t\t\t\t<\/div>\n\t\t\t\t\t<\/div>\n\t\t<\/div>\n\t\t\t\t\t<\/div>\n\t\t<\/section>\n\t\t\t\t<section class=\"elementor-section elementor-top-section elementor-element elementor-element-873532b elementor-section-boxed elementor-section-height-default elementor-section-height-default\" data-id=\"873532b\" data-element_type=\"section\" data-settings=\"{&quot;background_background&quot;:&quot;classic&quot;}\">\n\t\t\t\t\t\t<div class=\"elementor-container elementor-column-gap-default\">\n\t\t\t\t\t<div class=\"elementor-column elementor-col-100 elementor-top-column elementor-element elementor-element-bac021b\" data-id=\"bac021b\" data-element_type=\"column\">\n\t\t\t<div class=\"elementor-widget-wrap elementor-element-populated\">\n\t\t\t\t\t\t<div class=\"elementor-element elementor-element-0eff544 elementor-widget elementor-widget-text-editor\" data-id=\"0eff544\" data-element_type=\"widget\" data-widget_type=\"text-editor.default\">\n\t\t\t\t<div class=\"elementor-widget-container\">\n\t\t\t\t\t\t\t\t\t<p style=\"text-align: justify;\"><strong>Desporto no LEC<\/strong> \u2013 sob o lema \u201c<strong><em>mais desporto mais sa\u00fade\u201d,<\/em><\/strong><em> u<\/em>sando o desporto como ve\u00edculo para o refor\u00e7o e melhoria das rela\u00e7\u00f5es interpessoais.\u00a0<\/p><p style=\"text-align: justify;\"><strong>Desporto\/Comunidade Vizinha<\/strong> \u2013 disponibiliza\u00e7\u00e3o da placa desportiva do LEC, para uso dos jovens da comunidade vizinha de Monte Vermelho, que n\u00e3o tendo um espa\u00e7o buscam o LEC para a pr\u00e1tica de futebol.<\/p><p style=\"text-align: justify;\"><strong>Fundo Social<\/strong> \u2013 disponibiliza\u00e7\u00e3o de um fundo num valor de 250.000$00 ECV, com um juro simb\u00f3lico de 5%, para apoiar os colaboradores do LEC em situa\u00e7\u00f5es e quest\u00f5es de urg\u00eancia.<\/p><p style=\"text-align: justify;\"><strong>Servi\u00e7o de Sa\u00fade<\/strong> \u2013 comparticipa\u00e7\u00e3o na cobertura de um servi\u00e7o de sa\u00fade, com cuidados e consultas de v\u00e1rias especialidades atrav\u00e9s de uma presta\u00e7\u00e3o de servi\u00e7o. Um incentivo aos colaboradores e contribui\u00e7\u00e3o para a sa\u00fade e bem-estar dos mesmos.<\/p><p style=\"text-align: justify;\">Este servi\u00e7o est\u00e1 alargado aos membros e agregados familiares de cada \u00a0\u00a0colaborador.<\/p>\t\t\t\t\t\t\t\t<\/div>\n\t\t\t\t<\/div>\n\t\t\t\t\t<\/div>\n\t\t<\/div>\n\t\t\t\t\t<\/div>\n\t\t<\/section>\n\t\t\t\t<section class=\"elementor-section elementor-top-section elementor-element elementor-element-2811 elementor-section-height-min-height elementor-section-boxed elementor-section-height-default elementor-section-items-middle\" data-id=\"2811\" data-element_type=\"section\" data-settings=\"{&quot;background_background&quot;:&quot;gradient&quot;}\">\n\t\t\t\t\t\t\t<div class=\"elementor-background-overlay\"><\/div>\n\t\t\t\t\t\t\t<div class=\"elementor-container elementor-column-gap-default\">\n\t\t\t\t\t<div class=\"elementor-column elementor-col-100 elementor-top-column elementor-element elementor-element-1038\" data-id=\"1038\" data-element_type=\"column\">\n\t\t\t<div class=\"elementor-widget-wrap\">\n\t\t\t\t\t\t\t<\/div>\n\t\t<\/div>\n\t\t\t\t\t<\/div>\n\t\t<\/section>\n\t\t\t\t<section class=\"elementor-section elementor-top-section elementor-element elementor-element-54ae7184 elementor-section-boxed elementor-section-height-default elementor-section-height-default\" data-id=\"54ae7184\" data-element_type=\"section\" data-settings=\"{&quot;background_background&quot;:&quot;classic&quot;}\">\n\t\t\t\t\t\t<div class=\"elementor-container elementor-column-gap-default\">\n\t\t\t\t\t<div class=\"elementor-column elementor-col-100 elementor-top-column elementor-element elementor-element-41638643\" data-id=\"41638643\" data-element_type=\"column\">\n\t\t\t<div class=\"elementor-widget-wrap elementor-element-populated\">\n\t\t\t\t\t\t<div class=\"elementor-element elementor-element-3ef46897 elementor-shape-circle e-grid-align-right elementor-grid-0 elementor-widget elementor-widget-social-icons\" data-id=\"3ef46897\" data-element_type=\"widget\" data-widget_type=\"social-icons.default\">\n\t\t\t\t<div class=\"elementor-widget-container\">\n\t\t\t\t\t\t\t<div class=\"elementor-social-icons-wrapper elementor-grid\" role=\"list\">\n\t\t\t\t\t\t\t<span class=\"elementor-grid-item\" role=\"listitem\">\n\t\t\t\t\t<a class=\"elementor-icon elementor-social-icon elementor-social-icon-facebook elementor-animation-pulse elementor-repeater-item-31120fd\" href=\"https:\/\/www.facebook.com\/LECCaboverde\" target=\"_blank\">\n\t\t\t\t\t\t<span class=\"elementor-screen-only\">Facebook<\/span>\n\t\t\t\t\t\t\t\t\t\t\t\t\t<i class=\"fa fa-facebook\"><\/i>\n\t\t\t\t\t\t\t\t\t\t\t<\/a>\n\t\t\t\t<\/span>\n\t\t\t\t\t\t\t<span class=\"elementor-grid-item\" role=\"listitem\">\n\t\t\t\t\t<a class=\"elementor-icon elementor-social-icon elementor-social-icon-twitter elementor-animation-pulse elementor-repeater-item-6ec3ea6\" href=\"https:\/\/www.twitter.com\/LECCaboverde\" target=\"_blank\">\n\t\t\t\t\t\t<span class=\"elementor-screen-only\">Twitter<\/span>\n\t\t\t\t\t\t\t\t\t\t\t\t\t<i class=\"fa fa-twitter\"><\/i>\n\t\t\t\t\t\t\t\t\t\t\t<\/a>\n\t\t\t\t<\/span>\n\t\t\t\t\t\t\t<span class=\"elementor-grid-item\" role=\"listitem\">\n\t\t\t\t\t<a class=\"elementor-icon elementor-social-icon elementor-social-icon-youtube elementor-animation-pulse elementor-repeater-item-07e731a\" href=\"https:\/\/www.youtube.com\/LECCaboverde\" target=\"_blank\">\n\t\t\t\t\t\t<span class=\"elementor-screen-only\">Youtube<\/span>\n\t\t\t\t\t\t\t\t\t\t\t\t\t<i class=\"fa fa-youtube\"><\/i>\n\t\t\t\t\t\t\t\t\t\t\t<\/a>\n\t\t\t\t<\/span>\n\t\t\t\t\t\t\t<span class=\"elementor-grid-item\" role=\"listitem\">\n\t\t\t\t\t<a class=\"elementor-icon elementor-social-icon elementor-social-icon-linkedin elementor-animation-pulse elementor-repeater-item-a91663c\" target=\"_blank\">\n\t\t\t\t\t\t<span class=\"elementor-screen-only\">Linkedin<\/span>\n\t\t\t\t\t\t\t\t\t\t\t\t\t<i class=\"fa fa-linkedin\"><\/i>\n\t\t\t\t\t\t\t\t\t\t\t<\/a>\n\t\t\t\t<\/span>\n\t\t\t\t\t<\/div>\n\t\t\t\t\t\t<\/div>\n\t\t\t\t<\/div>\n\t\t\t\t\t<\/div>\n\t\t<\/div>\n\t\t\t\t\t<\/div>\n\t\t<\/section>\n\t\t\t\t<\/div>\n\t\t","protected":false},"excerpt":{"rendered":"<p>Programa Social Desporto no LEC \u2013 sob o lema \u201cmais desporto mais sa\u00fade\u201d, usando o desporto como ve\u00edculo para o refor\u00e7o e melhoria das rela\u00e7\u00f5es interpessoais.\u00a0 Desporto\/Comunidade Vizinha \u2013 disponibiliza\u00e7\u00e3o da placa desportiva do LEC, para uso dos jovens da comunidade vizinha de Monte Vermelho, que n\u00e3o tendo um espa\u00e7o buscam o LEC para a &#8230; <a title=\"Programa Social\" class=\"read-more\" href=\"https:\/\/lec.cv\/lecepe\/programasocial\/\" aria-label=\"Mais sobre Programa Social\">Ler mais<\/a><\/p>\n","protected":false},"author":1,"featured_media":0,"parent":0,"menu_order":0,"comment_status":"closed","ping_status":"closed","template":"","meta":{"om_disable_all_campaigns":false,"_monsterinsights_skip_tracking":false,"_monsterinsights_sitenote_active":false,"_monsterinsights_sitenote_note":"","_monsterinsights_sitenote_category":0,"footnotes":""},"class_list":["post-1259","page","type-page","status-publish"],"aioseo_notices":[],"yoast_head":"<!-- This site is optimized with the Yoast SEO plugin v27.2 - https:\/\/yoast.com\/product\/yoast-seo-wordpress\/ -->\n<title>Programa Social - LEC-EPE<\/title>\n<meta name=\"robots\" content=\"index, follow, max-snippet:-1, max-image-preview:large, max-video-preview:-1\" \/>\n<link rel=\"canonical\" href=\"https:\/\/lec.cv\/lecepe\/programasocial\/\" \/>\n<meta property=\"og:locale\" content=\"pt_PT\" \/>\n<meta property=\"og:type\" content=\"article\" \/>\n<meta property=\"og:title\" content=\"Programa Social - LEC-EPE\" \/>\n<meta property=\"og:description\" content=\"Programa Social Desporto no LEC \u2013 sob o lema \u201cmais desporto mais sa\u00fade\u201d, usando o desporto como ve\u00edculo para o refor\u00e7o e melhoria das rela\u00e7\u00f5es interpessoais.\u00a0 Desporto\/Comunidade Vizinha \u2013 disponibiliza\u00e7\u00e3o da placa desportiva do LEC, para uso dos jovens da comunidade vizinha de Monte Vermelho, que n\u00e3o tendo um espa\u00e7o buscam o LEC para a ... Ler mais\" \/>\n<meta property=\"og:url\" content=\"https:\/\/lec.cv\/lecepe\/programasocial\/\" \/>\n<meta property=\"og:site_name\" content=\"LEC-EPE\" \/>\n<meta property=\"article:publisher\" content=\"http:\/\/www.facebook.com\/LECCaboverde\" \/>\n<meta property=\"article:modified_time\" content=\"2020-04-16T21:20:11+00:00\" \/>\n<meta name=\"twitter:card\" content=\"summary_large_image\" \/>\n<meta name=\"twitter:label1\" content=\"Tempo estimado de leitura\" \/>\n\t<meta name=\"twitter:data1\" content=\"1 minuto\" \/>\n<script type=\"application\/ld+json\" class=\"yoast-schema-graph\">{\"@context\":\"https:\/\/schema.org\",\"@graph\":[{\"@type\":\"WebPage\",\"@id\":\"https:\/\/lec.cv\/lecepe\/programasocial\/\",\"url\":\"https:\/\/lec.cv\/lecepe\/programasocial\/\",\"name\":\"Programa Social - LEC-EPE\",\"isPartOf\":{\"@id\":\"https:\/\/lec.cv\/lecepe\/#website\"},\"datePublished\":\"2019-05-22T17:32:04+00:00\",\"dateModified\":\"2020-04-16T21:20:11+00:00\",\"breadcrumb\":{\"@id\":\"https:\/\/lec.cv\/lecepe\/programasocial\/#breadcrumb\"},\"inLanguage\":\"pt-PT\",\"potentialAction\":[{\"@type\":\"ReadAction\",\"target\":[\"https:\/\/lec.cv\/lecepe\/programasocial\/\"]}]},{\"@type\":\"BreadcrumbList\",\"@id\":\"https:\/\/lec.cv\/lecepe\/programasocial\/#breadcrumb\",\"itemListElement\":[{\"@type\":\"ListItem\",\"position\":1,\"name\":\"In\u00edcio\",\"item\":\"https:\/\/lec.cv\/lecepe\/\"},{\"@type\":\"ListItem\",\"position\":2,\"name\":\"Programa Social\"}]},{\"@type\":\"WebSite\",\"@id\":\"https:\/\/lec.cv\/lecepe\/#website\",\"url\":\"https:\/\/lec.cv\/lecepe\/\",\"name\":\"LEC-EPE\",\"description\":\"Laboratorio de Engenharia Civil de Cabo Verde\",\"publisher\":{\"@id\":\"https:\/\/lec.cv\/lecepe\/#organization\"},\"potentialAction\":[{\"@type\":\"SearchAction\",\"target\":{\"@type\":\"EntryPoint\",\"urlTemplate\":\"https:\/\/lec.cv\/lecepe\/?s={search_term_string}\"},\"query-input\":{\"@type\":\"PropertyValueSpecification\",\"valueRequired\":true,\"valueName\":\"search_term_string\"}}],\"inLanguage\":\"pt-PT\"},{\"@type\":\"Organization\",\"@id\":\"https:\/\/lec.cv\/lecepe\/#organization\",\"name\":\"LEC-EPE\",\"url\":\"https:\/\/lec.cv\/lecepe\/\",\"logo\":{\"@type\":\"ImageObject\",\"inLanguage\":\"pt-PT\",\"@id\":\"https:\/\/lec.cv\/lecepe\/#\/schema\/logo\/image\/\",\"url\":\"https:\/\/lec.cv\/lecepe\/wp-content\/uploads\/2019\/05\/cropped-ID_Site.png\",\"contentUrl\":\"https:\/\/lec.cv\/lecepe\/wp-content\/uploads\/2019\/05\/cropped-ID_Site.png\",\"width\":218,\"height\":70,\"caption\":\"LEC-EPE\"},\"image\":{\"@id\":\"https:\/\/lec.cv\/lecepe\/#\/schema\/logo\/image\/\"},\"sameAs\":[\"http:\/\/www.facebook.com\/LECCaboverde\"]}]}<\/script>\n<!-- \/ Yoast SEO plugin. -->","yoast_head_json":{"title":"Programa Social - LEC-EPE","robots":{"index":"index","follow":"follow","max-snippet":"max-snippet:-1","max-image-preview":"max-image-preview:large","max-video-preview":"max-video-preview:-1"},"canonical":"https:\/\/lec.cv\/lecepe\/programasocial\/","og_locale":"pt_PT","og_type":"article","og_title":"Programa Social - LEC-EPE","og_description":"Programa Social Desporto no LEC \u2013 sob o lema \u201cmais desporto mais sa\u00fade\u201d, usando o desporto como ve\u00edculo para o refor\u00e7o e melhoria das rela\u00e7\u00f5es interpessoais.\u00a0 Desporto\/Comunidade Vizinha \u2013 disponibiliza\u00e7\u00e3o da placa desportiva do LEC, para uso dos jovens da comunidade vizinha de Monte Vermelho, que n\u00e3o tendo um espa\u00e7o buscam o LEC para a ... Ler mais","og_url":"https:\/\/lec.cv\/lecepe\/programasocial\/","og_site_name":"LEC-EPE","article_publisher":"http:\/\/www.facebook.com\/LECCaboverde","article_modified_time":"2020-04-16T21:20:11+00:00","twitter_card":"summary_large_image","twitter_misc":{"Tempo estimado de leitura":"1 minuto"},"schema":{"@context":"https:\/\/schema.org","@graph":[{"@type":"WebPage","@id":"https:\/\/lec.cv\/lecepe\/programasocial\/","url":"https:\/\/lec.cv\/lecepe\/programasocial\/","name":"Programa Social - LEC-EPE","isPartOf":{"@id":"https:\/\/lec.cv\/lecepe\/#website"},"datePublished":"2019-05-22T17:32:04+00:00","dateModified":"2020-04-16T21:20:11+00:00","breadcrumb":{"@id":"https:\/\/lec.cv\/lecepe\/programasocial\/#breadcrumb"},"inLanguage":"pt-PT","potentialAction":[{"@type":"ReadAction","target":["https:\/\/lec.cv\/lecepe\/programasocial\/"]}]},{"@type":"BreadcrumbList","@id":"https:\/\/lec.cv\/lecepe\/programasocial\/#breadcrumb","itemListElement":[{"@type":"ListItem","position":1,"name":"In\u00edcio","item":"https:\/\/lec.cv\/lecepe\/"},{"@type":"ListItem","position":2,"name":"Programa Social"}]},{"@type":"WebSite","@id":"https:\/\/lec.cv\/lecepe\/#website","url":"https:\/\/lec.cv\/lecepe\/","name":"LEC-EPE","description":"Laboratorio de Engenharia Civil de Cabo Verde","publisher":{"@id":"https:\/\/lec.cv\/lecepe\/#organization"},"potentialAction":[{"@type":"SearchAction","target":{"@type":"EntryPoint","urlTemplate":"https:\/\/lec.cv\/lecepe\/?s={search_term_string}"},"query-input":{"@type":"PropertyValueSpecification","valueRequired":true,"valueName":"search_term_string"}}],"inLanguage":"pt-PT"},{"@type":"Organization","@id":"https:\/\/lec.cv\/lecepe\/#organization","name":"LEC-EPE","url":"https:\/\/lec.cv\/lecepe\/","logo":{"@type":"ImageObject","inLanguage":"pt-PT","@id":"https:\/\/lec.cv\/lecepe\/#\/schema\/logo\/image\/","url":"https:\/\/lec.cv\/lecepe\/wp-content\/uploads\/2019\/05\/cropped-ID_Site.png","contentUrl":"https:\/\/lec.cv\/lecepe\/wp-content\/uploads\/2019\/05\/cropped-ID_Site.png","width":218,"height":70,"caption":"LEC-EPE"},"image":{"@id":"https:\/\/lec.cv\/lecepe\/#\/schema\/logo\/image\/"},"sameAs":["http:\/\/www.facebook.com\/LECCaboverde"]}]}},"_links":{"self":[{"href":"https:\/\/lec.cv\/lecepe\/wp-json\/wp\/v2\/pages\/1259","targetHints":{"allow":["GET"]}}],"collection":[{"href":"https:\/\/lec.cv\/lecepe\/wp-json\/wp\/v2\/pages"}],"about":[{"href":"https:\/\/lec.cv\/lecepe\/wp-json\/wp\/v2\/types\/page"}],"author":[{"embeddable":true,"href":"https:\/\/lec.cv\/lecepe\/wp-json\/wp\/v2\/users\/1"}],"replies":[{"embeddable":true,"href":"https:\/\/lec.cv\/lecepe\/wp-json\/wp\/v2\/comments?post=1259"}],"version-history":[{"count":8,"href":"https:\/\/lec.cv\/lecepe\/wp-json\/wp\/v2\/pages\/1259\/revisions"}],"predecessor-version":[{"id":2326,"href":"https:\/\/lec.cv\/lecepe\/wp-json\/wp\/v2\/pages\/1259\/revisions\/2326"}],"wp:attachment":[{"href":"https:\/\/lec.cv\/lecepe\/wp-json\/wp\/v2\/media?parent=1259"}],"curies":[{"name":"wp","href":"https:\/\/api.w.org\/{rel}","templated":true}]}}