{"id":1271,"date":"2019-05-22T18:16:31","date_gmt":"2019-05-22T18:16:31","guid":{"rendered":"http:\/\/lec.cv\/lecepe\/?page_id=1271"},"modified":"2020-04-16T20:30:20","modified_gmt":"2020-04-16T21:30:20","slug":"cip","status":"publish","type":"page","link":"https:\/\/lec.cv\/lecepe\/cip\/","title":{"rendered":"CIP"},"content":{"rendered":"\t\t<div data-elementor-type=\"wp-post\" data-elementor-id=\"1271\" class=\"elementor elementor-1271\">\n\t\t\t\t\t\t<section class=\"elementor-section elementor-top-section elementor-element elementor-element-06a8fd9 elementor-section-height-min-height elementor-section-items-stretch elementor-section-boxed elementor-section-height-default\" data-id=\"06a8fd9\" data-element_type=\"section\" data-settings=\"{&quot;background_background&quot;:&quot;classic&quot;}\">\n\t\t\t\t\t\t<div class=\"elementor-container elementor-column-gap-default\">\n\t\t\t\t\t<div class=\"elementor-column elementor-col-100 elementor-top-column elementor-element elementor-element-54ec208\" data-id=\"54ec208\" data-element_type=\"column\" data-settings=\"{&quot;background_background&quot;:&quot;classic&quot;}\">\n\t\t\t<div class=\"elementor-widget-wrap elementor-element-populated\">\n\t\t\t\t\t\t<div class=\"elementor-element elementor-element-0e8796b elementor-position-left elementor-vertical-align-bottom elementor-view-default elementor-mobile-position-top elementor-widget elementor-widget-icon-box\" data-id=\"0e8796b\" data-element_type=\"widget\" data-widget_type=\"icon-box.default\">\n\t\t\t\t<div class=\"elementor-widget-container\">\n\t\t\t\t\t\t\t<div class=\"elementor-icon-box-wrapper\">\n\n\t\t\t\t\t\t<div class=\"elementor-icon-box-icon\">\n\t\t\t\t<span  class=\"elementor-icon\">\n\t\t\t\t<i aria-hidden=\"true\" class=\"fas fa-search\"><\/i>\t\t\t\t<\/span>\n\t\t\t<\/div>\n\t\t\t\n\t\t\t\t\t\t<div class=\"elementor-icon-box-content\">\n\n\t\t\t\t\t\t\t\t\t<h2 class=\"elementor-icon-box-title\">\n\t\t\t\t\t\t<span  >\n\t\t\t\t\t\t\tCentro de Pesquisa e Investiga\u00e7\u00e3o\t\t\t\t\t\t<\/span>\n\t\t\t\t\t<\/h2>\n\t\t\t\t\n\t\t\t\t\n\t\t\t<\/div>\n\t\t\t\n\t\t<\/div>\n\t\t\t\t\t\t<\/div>\n\t\t\t\t<\/div>\n\t\t\t\t\t<\/div>\n\t\t<\/div>\n\t\t\t\t\t<\/div>\n\t\t<\/section>\n\t\t\t\t<section class=\"elementor-section elementor-top-section elementor-element elementor-element-873532b elementor-section-boxed elementor-section-height-default elementor-section-height-default\" data-id=\"873532b\" data-element_type=\"section\" data-settings=\"{&quot;background_background&quot;:&quot;classic&quot;}\">\n\t\t\t\t\t\t<div class=\"elementor-container elementor-column-gap-default\">\n\t\t\t\t\t<div class=\"elementor-column elementor-col-100 elementor-top-column elementor-element elementor-element-bac021b\" data-id=\"bac021b\" data-element_type=\"column\">\n\t\t\t<div class=\"elementor-widget-wrap elementor-element-populated\">\n\t\t\t\t\t\t<div class=\"elementor-element elementor-element-0eff544 elementor-widget elementor-widget-text-editor\" data-id=\"0eff544\" data-element_type=\"widget\" data-widget_type=\"text-editor.default\">\n\t\t\t\t<div class=\"elementor-widget-container\">\n\t\t\t\t\t\t\t\t\t<p><strong>Centro de Pesquisa e Investiga\u00e7\u00e3o (CIP)\u2013 <\/strong>ainda em fase de projeto, para a cria\u00e7\u00e3o de um espa\u00e7o de pesquisa para o setor, sobretudo quest\u00f5es associadas \u00e0 constru\u00e7\u00e3o civil, mais adaptadas ao nosso pa\u00eds<em>. <\/em><\/p>\t\t\t\t\t\t\t\t<\/div>\n\t\t\t\t<\/div>\n\t\t\t\t\t<\/div>\n\t\t<\/div>\n\t\t\t\t\t<\/div>\n\t\t<\/section>\n\t\t\t\t<section class=\"elementor-section elementor-top-section elementor-element elementor-element-5991a0ec elementor-section-boxed elementor-section-height-default elementor-section-height-default\" data-id=\"5991a0ec\" data-element_type=\"section\" data-settings=\"{&quot;background_background&quot;:&quot;classic&quot;}\">\n\t\t\t\t\t\t<div class=\"elementor-container elementor-column-gap-default\">\n\t\t\t\t\t<div class=\"elementor-column elementor-col-100 elementor-top-column elementor-element elementor-element-1288bcf5\" data-id=\"1288bcf5\" data-element_type=\"column\">\n\t\t\t<div class=\"elementor-widget-wrap elementor-element-populated\">\n\t\t\t\t\t\t<div class=\"elementor-element elementor-element-362fa7a elementor-shape-circle e-grid-align-right elementor-grid-0 elementor-widget elementor-widget-social-icons\" data-id=\"362fa7a\" data-element_type=\"widget\" data-widget_type=\"social-icons.default\">\n\t\t\t\t<div class=\"elementor-widget-container\">\n\t\t\t\t\t\t\t<div class=\"elementor-social-icons-wrapper elementor-grid\" role=\"list\">\n\t\t\t\t\t\t\t<span class=\"elementor-grid-item\" role=\"listitem\">\n\t\t\t\t\t<a class=\"elementor-icon elementor-social-icon elementor-social-icon-facebook elementor-animation-pulse elementor-repeater-item-31120fd\" href=\"https:\/\/www.facebook.com\/LECCaboverde\" target=\"_blank\">\n\t\t\t\t\t\t<span class=\"elementor-screen-only\">Facebook<\/span>\n\t\t\t\t\t\t\t\t\t\t\t\t\t<i class=\"fa fa-facebook\"><\/i>\n\t\t\t\t\t\t\t\t\t\t\t<\/a>\n\t\t\t\t<\/span>\n\t\t\t\t\t\t\t<span class=\"elementor-grid-item\" role=\"listitem\">\n\t\t\t\t\t<a class=\"elementor-icon elementor-social-icon elementor-social-icon-twitter elementor-animation-pulse elementor-repeater-item-6ec3ea6\" href=\"https:\/\/www.twitter.com\/LECCaboverde\" target=\"_blank\">\n\t\t\t\t\t\t<span class=\"elementor-screen-only\">Twitter<\/span>\n\t\t\t\t\t\t\t\t\t\t\t\t\t<i class=\"fa fa-twitter\"><\/i>\n\t\t\t\t\t\t\t\t\t\t\t<\/a>\n\t\t\t\t<\/span>\n\t\t\t\t\t\t\t<span class=\"elementor-grid-item\" role=\"listitem\">\n\t\t\t\t\t<a class=\"elementor-icon elementor-social-icon elementor-social-icon-youtube elementor-animation-pulse elementor-repeater-item-07e731a\" href=\"https:\/\/www.youtube.com\/LECCaboverde\" target=\"_blank\">\n\t\t\t\t\t\t<span class=\"elementor-screen-only\">Youtube<\/span>\n\t\t\t\t\t\t\t\t\t\t\t\t\t<i class=\"fa fa-youtube\"><\/i>\n\t\t\t\t\t\t\t\t\t\t\t<\/a>\n\t\t\t\t<\/span>\n\t\t\t\t\t\t\t<span class=\"elementor-grid-item\" role=\"listitem\">\n\t\t\t\t\t<a class=\"elementor-icon elementor-social-icon elementor-social-icon-linkedin elementor-animation-pulse elementor-repeater-item-a91663c\" target=\"_blank\">\n\t\t\t\t\t\t<span class=\"elementor-screen-only\">Linkedin<\/span>\n\t\t\t\t\t\t\t\t\t\t\t\t\t<i class=\"fa fa-linkedin\"><\/i>\n\t\t\t\t\t\t\t\t\t\t\t<\/a>\n\t\t\t\t<\/span>\n\t\t\t\t\t<\/div>\n\t\t\t\t\t\t<\/div>\n\t\t\t\t<\/div>\n\t\t\t\t\t<\/div>\n\t\t<\/div>\n\t\t\t\t\t<\/div>\n\t\t<\/section>\n\t\t\t\t<\/div>\n\t\t","protected":false},"excerpt":{"rendered":"<p>Centro de Pesquisa e Investiga\u00e7\u00e3o Centro de Pesquisa e Investiga\u00e7\u00e3o (CIP)\u2013 ainda em fase de projeto, para a cria\u00e7\u00e3o de um espa\u00e7o de pesquisa para o setor, sobretudo quest\u00f5es associadas \u00e0 constru\u00e7\u00e3o civil, mais adaptadas ao nosso pa\u00eds. Facebook Twitter Youtube Linkedin<\/p>\n","protected":false},"author":1,"featured_media":0,"parent":0,"menu_order":0,"comment_status":"closed","ping_status":"closed","template":"","meta":{"om_disable_all_campaigns":false,"_monsterinsights_skip_tracking":false,"_monsterinsights_sitenote_active":false,"_monsterinsights_sitenote_note":"","_monsterinsights_sitenote_category":0,"footnotes":""},"class_list":["post-1271","page","type-page","status-publish"],"aioseo_notices":[],"yoast_head":"<!-- This site is optimized with the Yoast SEO plugin v27.2 - https:\/\/yoast.com\/product\/yoast-seo-wordpress\/ -->\n<title>CIP - LEC-EPE<\/title>\n<meta name=\"robots\" content=\"index, follow, max-snippet:-1, max-image-preview:large, max-video-preview:-1\" \/>\n<link rel=\"canonical\" href=\"https:\/\/lec.cv\/lecepe\/cip\/\" \/>\n<meta property=\"og:locale\" content=\"pt_PT\" \/>\n<meta property=\"og:type\" content=\"article\" \/>\n<meta property=\"og:title\" content=\"CIP - LEC-EPE\" \/>\n<meta property=\"og:description\" content=\"Centro de Pesquisa e Investiga\u00e7\u00e3o Centro de Pesquisa e Investiga\u00e7\u00e3o (CIP)\u2013 ainda em fase de projeto, para a cria\u00e7\u00e3o de um espa\u00e7o de pesquisa para o setor, sobretudo quest\u00f5es associadas \u00e0 constru\u00e7\u00e3o civil, mais adaptadas ao nosso pa\u00eds. Facebook Twitter Youtube Linkedin\" \/>\n<meta property=\"og:url\" content=\"https:\/\/lec.cv\/lecepe\/cip\/\" \/>\n<meta property=\"og:site_name\" content=\"LEC-EPE\" \/>\n<meta property=\"article:publisher\" content=\"http:\/\/www.facebook.com\/LECCaboverde\" \/>\n<meta property=\"article:modified_time\" content=\"2020-04-16T21:30:20+00:00\" \/>\n<meta name=\"twitter:card\" content=\"summary_large_image\" \/>\n<script type=\"application\/ld+json\" class=\"yoast-schema-graph\">{\"@context\":\"https:\/\/schema.org\",\"@graph\":[{\"@type\":\"WebPage\",\"@id\":\"https:\/\/lec.cv\/lecepe\/cip\/\",\"url\":\"https:\/\/lec.cv\/lecepe\/cip\/\",\"name\":\"CIP - LEC-EPE\",\"isPartOf\":{\"@id\":\"https:\/\/lec.cv\/lecepe\/#website\"},\"datePublished\":\"2019-05-22T18:16:31+00:00\",\"dateModified\":\"2020-04-16T21:30:20+00:00\",\"breadcrumb\":{\"@id\":\"https:\/\/lec.cv\/lecepe\/cip\/#breadcrumb\"},\"inLanguage\":\"pt-PT\",\"potentialAction\":[{\"@type\":\"ReadAction\",\"target\":[\"https:\/\/lec.cv\/lecepe\/cip\/\"]}]},{\"@type\":\"BreadcrumbList\",\"@id\":\"https:\/\/lec.cv\/lecepe\/cip\/#breadcrumb\",\"itemListElement\":[{\"@type\":\"ListItem\",\"position\":1,\"name\":\"In\u00edcio\",\"item\":\"https:\/\/lec.cv\/lecepe\/\"},{\"@type\":\"ListItem\",\"position\":2,\"name\":\"CIP\"}]},{\"@type\":\"WebSite\",\"@id\":\"https:\/\/lec.cv\/lecepe\/#website\",\"url\":\"https:\/\/lec.cv\/lecepe\/\",\"name\":\"LEC-EPE\",\"description\":\"Laboratorio de Engenharia Civil de Cabo Verde\",\"publisher\":{\"@id\":\"https:\/\/lec.cv\/lecepe\/#organization\"},\"potentialAction\":[{\"@type\":\"SearchAction\",\"target\":{\"@type\":\"EntryPoint\",\"urlTemplate\":\"https:\/\/lec.cv\/lecepe\/?s={search_term_string}\"},\"query-input\":{\"@type\":\"PropertyValueSpecification\",\"valueRequired\":true,\"valueName\":\"search_term_string\"}}],\"inLanguage\":\"pt-PT\"},{\"@type\":\"Organization\",\"@id\":\"https:\/\/lec.cv\/lecepe\/#organization\",\"name\":\"LEC-EPE\",\"url\":\"https:\/\/lec.cv\/lecepe\/\",\"logo\":{\"@type\":\"ImageObject\",\"inLanguage\":\"pt-PT\",\"@id\":\"https:\/\/lec.cv\/lecepe\/#\/schema\/logo\/image\/\",\"url\":\"https:\/\/lec.cv\/lecepe\/wp-content\/uploads\/2019\/05\/cropped-ID_Site.png\",\"contentUrl\":\"https:\/\/lec.cv\/lecepe\/wp-content\/uploads\/2019\/05\/cropped-ID_Site.png\",\"width\":218,\"height\":70,\"caption\":\"LEC-EPE\"},\"image\":{\"@id\":\"https:\/\/lec.cv\/lecepe\/#\/schema\/logo\/image\/\"},\"sameAs\":[\"http:\/\/www.facebook.com\/LECCaboverde\"]}]}<\/script>\n<!-- \/ Yoast SEO plugin. -->","yoast_head_json":{"title":"CIP - LEC-EPE","robots":{"index":"index","follow":"follow","max-snippet":"max-snippet:-1","max-image-preview":"max-image-preview:large","max-video-preview":"max-video-preview:-1"},"canonical":"https:\/\/lec.cv\/lecepe\/cip\/","og_locale":"pt_PT","og_type":"article","og_title":"CIP - LEC-EPE","og_description":"Centro de Pesquisa e Investiga\u00e7\u00e3o Centro de Pesquisa e Investiga\u00e7\u00e3o (CIP)\u2013 ainda em fase de projeto, para a cria\u00e7\u00e3o de um espa\u00e7o de pesquisa para o setor, sobretudo quest\u00f5es associadas \u00e0 constru\u00e7\u00e3o civil, mais adaptadas ao nosso pa\u00eds. Facebook Twitter Youtube Linkedin","og_url":"https:\/\/lec.cv\/lecepe\/cip\/","og_site_name":"LEC-EPE","article_publisher":"http:\/\/www.facebook.com\/LECCaboverde","article_modified_time":"2020-04-16T21:30:20+00:00","twitter_card":"summary_large_image","schema":{"@context":"https:\/\/schema.org","@graph":[{"@type":"WebPage","@id":"https:\/\/lec.cv\/lecepe\/cip\/","url":"https:\/\/lec.cv\/lecepe\/cip\/","name":"CIP - LEC-EPE","isPartOf":{"@id":"https:\/\/lec.cv\/lecepe\/#website"},"datePublished":"2019-05-22T18:16:31+00:00","dateModified":"2020-04-16T21:30:20+00:00","breadcrumb":{"@id":"https:\/\/lec.cv\/lecepe\/cip\/#breadcrumb"},"inLanguage":"pt-PT","potentialAction":[{"@type":"ReadAction","target":["https:\/\/lec.cv\/lecepe\/cip\/"]}]},{"@type":"BreadcrumbList","@id":"https:\/\/lec.cv\/lecepe\/cip\/#breadcrumb","itemListElement":[{"@type":"ListItem","position":1,"name":"In\u00edcio","item":"https:\/\/lec.cv\/lecepe\/"},{"@type":"ListItem","position":2,"name":"CIP"}]},{"@type":"WebSite","@id":"https:\/\/lec.cv\/lecepe\/#website","url":"https:\/\/lec.cv\/lecepe\/","name":"LEC-EPE","description":"Laboratorio de Engenharia Civil de Cabo Verde","publisher":{"@id":"https:\/\/lec.cv\/lecepe\/#organization"},"potentialAction":[{"@type":"SearchAction","target":{"@type":"EntryPoint","urlTemplate":"https:\/\/lec.cv\/lecepe\/?s={search_term_string}"},"query-input":{"@type":"PropertyValueSpecification","valueRequired":true,"valueName":"search_term_string"}}],"inLanguage":"pt-PT"},{"@type":"Organization","@id":"https:\/\/lec.cv\/lecepe\/#organization","name":"LEC-EPE","url":"https:\/\/lec.cv\/lecepe\/","logo":{"@type":"ImageObject","inLanguage":"pt-PT","@id":"https:\/\/lec.cv\/lecepe\/#\/schema\/logo\/image\/","url":"https:\/\/lec.cv\/lecepe\/wp-content\/uploads\/2019\/05\/cropped-ID_Site.png","contentUrl":"https:\/\/lec.cv\/lecepe\/wp-content\/uploads\/2019\/05\/cropped-ID_Site.png","width":218,"height":70,"caption":"LEC-EPE"},"image":{"@id":"https:\/\/lec.cv\/lecepe\/#\/schema\/logo\/image\/"},"sameAs":["http:\/\/www.facebook.com\/LECCaboverde"]}]}},"_links":{"self":[{"href":"https:\/\/lec.cv\/lecepe\/wp-json\/wp\/v2\/pages\/1271","targetHints":{"allow":["GET"]}}],"collection":[{"href":"https:\/\/lec.cv\/lecepe\/wp-json\/wp\/v2\/pages"}],"about":[{"href":"https:\/\/lec.cv\/lecepe\/wp-json\/wp\/v2\/types\/page"}],"author":[{"embeddable":true,"href":"https:\/\/lec.cv\/lecepe\/wp-json\/wp\/v2\/users\/1"}],"replies":[{"embeddable":true,"href":"https:\/\/lec.cv\/lecepe\/wp-json\/wp\/v2\/comments?post=1271"}],"version-history":[{"count":9,"href":"https:\/\/lec.cv\/lecepe\/wp-json\/wp\/v2\/pages\/1271\/revisions"}],"predecessor-version":[{"id":2330,"href":"https:\/\/lec.cv\/lecepe\/wp-json\/wp\/v2\/pages\/1271\/revisions\/2330"}],"wp:attachment":[{"href":"https:\/\/lec.cv\/lecepe\/wp-json\/wp\/v2\/media?parent=1271"}],"curies":[{"name":"wp","href":"https:\/\/api.w.org\/{rel}","templated":true}]}}