{"id":134,"date":"2018-07-31T13:05:40","date_gmt":"2018-07-31T13:05:40","guid":{"rendered":"http:\/\/lec.cv\/lecepe\/?page_id=134"},"modified":"2020-04-16T19:37:05","modified_gmt":"2020-04-16T20:37:05","slug":"ensaio","status":"publish","type":"page","link":"https:\/\/lec.cv\/lecepe\/ensaio\/","title":{"rendered":"Ensaios"},"content":{"rendered":"\t\t<div data-elementor-type=\"wp-post\" data-elementor-id=\"134\" class=\"elementor elementor-134\">\n\t\t\t\t\t\t<section class=\"elementor-section elementor-top-section elementor-element elementor-element-920e546 elementor-section-height-min-height elementor-section-items-stretch elementor-section-boxed elementor-section-height-default\" data-id=\"920e546\" data-element_type=\"section\" data-settings=\"{&quot;background_background&quot;:&quot;classic&quot;}\">\n\t\t\t\t\t\t<div class=\"elementor-container elementor-column-gap-default\">\n\t\t\t\t\t<div class=\"elementor-column elementor-col-100 elementor-top-column elementor-element elementor-element-9615ea3\" data-id=\"9615ea3\" data-element_type=\"column\" data-settings=\"{&quot;background_background&quot;:&quot;classic&quot;}\">\n\t\t\t<div class=\"elementor-widget-wrap elementor-element-populated\">\n\t\t\t\t\t\t<div class=\"elementor-element elementor-element-69b37cd elementor-position-left elementor-vertical-align-bottom elementor-view-default elementor-mobile-position-top elementor-widget elementor-widget-icon-box\" data-id=\"69b37cd\" data-element_type=\"widget\" data-widget_type=\"icon-box.default\">\n\t\t\t\t<div class=\"elementor-widget-container\">\n\t\t\t\t\t\t\t<div class=\"elementor-icon-box-wrapper\">\n\n\t\t\t\t\t\t<div class=\"elementor-icon-box-icon\">\n\t\t\t\t<span  class=\"elementor-icon\">\n\t\t\t\t<i aria-hidden=\"true\" class=\"fab fa-empire\"><\/i>\t\t\t\t<\/span>\n\t\t\t<\/div>\n\t\t\t\n\t\t\t\t\t\t<div class=\"elementor-icon-box-content\">\n\n\t\t\t\t\t\t\t\t\t<h2 class=\"elementor-icon-box-title\">\n\t\t\t\t\t\t<span  >\n\t\t\t\t\t\t\tEnsaios\t\t\t\t\t\t<\/span>\n\t\t\t\t\t<\/h2>\n\t\t\t\t\n\t\t\t\t\n\t\t\t<\/div>\n\t\t\t\n\t\t<\/div>\n\t\t\t\t\t\t<\/div>\n\t\t\t\t<\/div>\n\t\t\t\t\t<\/div>\n\t\t<\/div>\n\t\t\t\t\t<\/div>\n\t\t<\/section>\n\t\t\t\t<section class=\"elementor-section elementor-top-section elementor-element elementor-element-49612da elementor-section-height-min-height elementor-section-boxed elementor-section-height-default elementor-section-items-middle\" data-id=\"49612da\" data-element_type=\"section\" data-settings=\"{&quot;background_background&quot;:&quot;classic&quot;}\">\n\t\t\t\t\t\t<div class=\"elementor-container elementor-column-gap-default\">\n\t\t\t\t\t<div class=\"elementor-column elementor-col-100 elementor-top-column elementor-element elementor-element-8cab130\" data-id=\"8cab130\" data-element_type=\"column\" data-settings=\"{&quot;background_background&quot;:&quot;classic&quot;}\">\n\t\t\t<div class=\"elementor-widget-wrap elementor-element-populated\">\n\t\t\t\t\t\t<div class=\"elementor-element elementor-element-c3ce3ac elementor-widget elementor-widget-image\" data-id=\"c3ce3ac\" data-element_type=\"widget\" data-widget_type=\"image.default\">\n\t\t\t\t<div class=\"elementor-widget-container\">\n\t\t\t\t\t\t\t\t\t\t\t\t\t\t\t\t<a href=\"https:\/\/lec.cv\/lecepe\/1639-2\/\" target=\"_blank\">\n\t\t\t\t\t\t\t<img fetchpriority=\"high\" decoding=\"async\" width=\"1024\" height=\"384\" src=\"https:\/\/lec.cv\/lecepe\/wp-content\/uploads\/2019\/05\/missao-1024x384.png\" class=\"elementor-animation-grow attachment-large size-large wp-image-1646\" alt=\"\" srcset=\"https:\/\/lec.cv\/lecepe\/wp-content\/uploads\/2019\/05\/missao-1024x384.png 1024w, https:\/\/lec.cv\/lecepe\/wp-content\/uploads\/2019\/05\/missao-300x113.png 300w, https:\/\/lec.cv\/lecepe\/wp-content\/uploads\/2019\/05\/missao-768x288.png 768w, https:\/\/lec.cv\/lecepe\/wp-content\/uploads\/2019\/05\/missao.png 1600w\" sizes=\"(max-width: 1024px) 100vw, 1024px\" \/>\t\t\t\t\t\t\t\t<\/a>\n\t\t\t\t\t\t\t\t\t\t\t\t\t\t\t<\/div>\n\t\t\t\t<\/div>\n\t\t\t\t<div class=\"elementor-element elementor-element-2dc6aa4 elementor-widget elementor-widget-text-editor\" data-id=\"2dc6aa4\" data-element_type=\"widget\" data-widget_type=\"text-editor.default\">\n\t\t\t\t<div class=\"elementor-widget-container\">\n\t\t\t\t\t\t\t\t\t<p>No LEC, \u00e9 poss\u00edvel realizar v\u00e1rios ENSAIOS, atendendo a um conjunto de procedimentos e exig\u00eancias de processos de certifica\u00e7\u00e3o e controle da qualidade dos materiais e produtos da constru\u00e7\u00e3o civil.Faz ainda a avalia\u00e7\u00e3o e o desempenho desses materiais e produtos, com observ\u00e2ncia \u00e0s normas internacionalmente aceites e utilizados.<\/p><p>O LEC, esta capacitado para fazer al\u00e9m de outros os seguintes <strong>Ensaios<\/strong>:<\/p><ul><li>Solos<\/li><li>Rochas<\/li><li>Agregados<\/li><li>Cimento<\/li><li>Cer\u00e2micos<\/li><li>Ensaios F\u00edsicos do Cimento<\/li><li>Ensaios Qu\u00edmicos do Cimento<\/li><li>\u00c1gua para a Constru\u00e7\u00e3o Civil<\/li><li>Bet\u00f5es<\/li><li>Ligantes asf\u00e1lticos<\/li><li>Misturas Betuminosas<\/li><li><em>In<\/em> <em>situ<\/em><\/li><li>Elementos Pr\u00e9-fabricados<\/li><li>Elementos Met\u00e1licos<\/li><\/ul><p>O Laborat\u00f3rio de Engenharia Civil, tem implementado desde o Setembro de 2017, o <em>Sistema de Gest\u00e3o Qualidade<strong> &#8211;\u00a0 <a href=\"https:\/\/lec.cv\/lecepe\/1639-2\/\" target=\"_blank\" rel=\"noopener\">ISO 17025<\/a>.<\/strong><\/em><\/p>\t\t\t\t\t\t\t\t<\/div>\n\t\t\t\t<\/div>\n\t\t\t\t\t<\/div>\n\t\t<\/div>\n\t\t\t\t\t<\/div>\n\t\t<\/section>\n\t\t\t\t<section class=\"elementor-section elementor-top-section elementor-element elementor-element-2f4c998e elementor-section-boxed elementor-section-height-default elementor-section-height-default\" data-id=\"2f4c998e\" data-element_type=\"section\" data-settings=\"{&quot;background_background&quot;:&quot;classic&quot;,&quot;shape_divider_top&quot;:&quot;curve&quot;,&quot;shape_divider_top_negative&quot;:&quot;yes&quot;}\">\n\t\t\t\t\t\t\t<div class=\"elementor-background-overlay\"><\/div>\n\t\t\t\t\t\t<div class=\"elementor-shape elementor-shape-top\" aria-hidden=\"true\" data-negative=\"true\">\n\t\t\t<svg xmlns=\"http:\/\/www.w3.org\/2000\/svg\" viewBox=\"0 0 1000 100\" preserveAspectRatio=\"none\">\n\t<path class=\"elementor-shape-fill\" d=\"M500,97C126.7,96.3,0.8,19.8,0,0v100l1000,0V1C1000,19.4,873.3,97.8,500,97z\"\/>\n<\/svg>\t\t<\/div>\n\t\t\t\t\t<div class=\"elementor-container elementor-column-gap-default\">\n\t\t\t\t\t<div class=\"elementor-column elementor-col-100 elementor-top-column elementor-element elementor-element-5fdf36ee\" data-id=\"5fdf36ee\" data-element_type=\"column\">\n\t\t\t<div class=\"elementor-widget-wrap elementor-element-populated\">\n\t\t\t\t\t\t<div class=\"elementor-element elementor-element-c6f33e1 elementor-widget elementor-widget-video\" data-id=\"c6f33e1\" data-element_type=\"widget\" data-settings=\"{&quot;youtube_url&quot;:&quot;https:\\\/\\\/www.youtube.com\\\/watch?v=gSbXZK3DuUk&quot;,&quot;autoplay&quot;:&quot;yes&quot;,&quot;play_on_mobile&quot;:&quot;yes&quot;,&quot;loop&quot;:&quot;yes&quot;,&quot;video_type&quot;:&quot;youtube&quot;,&quot;controls&quot;:&quot;yes&quot;}\" data-widget_type=\"video.default\">\n\t\t\t\t<div class=\"elementor-widget-container\">\n\t\t\t\t\t\t\t<div class=\"elementor-wrapper elementor-open-inline\">\n\t\t\t<div class=\"elementor-video\"><\/div>\t\t<\/div>\n\t\t\t\t\t\t<\/div>\n\t\t\t\t<\/div>\n\t\t\t\t\t<\/div>\n\t\t<\/div>\n\t\t\t\t\t<\/div>\n\t\t<\/section>\n\t\t\t\t<section class=\"elementor-section elementor-top-section elementor-element elementor-element-154e68a6 elementor-section-boxed elementor-section-height-default elementor-section-height-default\" data-id=\"154e68a6\" data-element_type=\"section\" data-settings=\"{&quot;background_background&quot;:&quot;classic&quot;}\">\n\t\t\t\t\t\t<div class=\"elementor-container elementor-column-gap-default\">\n\t\t\t\t\t<div class=\"elementor-column elementor-col-100 elementor-top-column elementor-element elementor-element-7587dacf\" data-id=\"7587dacf\" data-element_type=\"column\">\n\t\t\t<div class=\"elementor-widget-wrap elementor-element-populated\">\n\t\t\t\t\t\t<div class=\"elementor-element elementor-element-471d3208 elementor-shape-circle e-grid-align-right elementor-grid-0 elementor-widget elementor-widget-social-icons\" data-id=\"471d3208\" data-element_type=\"widget\" data-widget_type=\"social-icons.default\">\n\t\t\t\t<div class=\"elementor-widget-container\">\n\t\t\t\t\t\t\t<div class=\"elementor-social-icons-wrapper elementor-grid\" role=\"list\">\n\t\t\t\t\t\t\t<span class=\"elementor-grid-item\" role=\"listitem\">\n\t\t\t\t\t<a class=\"elementor-icon elementor-social-icon elementor-social-icon-facebook-f elementor-animation-pulse elementor-repeater-item-31120fd\" href=\"https:\/\/www.facebook.com\/LECCaboverde\" target=\"_blank\">\n\t\t\t\t\t\t<span class=\"elementor-screen-only\">Facebook-f<\/span>\n\t\t\t\t\t\t<i class=\"fab fa-facebook-f\"><\/i>\t\t\t\t\t<\/a>\n\t\t\t\t<\/span>\n\t\t\t\t\t\t\t<span class=\"elementor-grid-item\" role=\"listitem\">\n\t\t\t\t\t<a class=\"elementor-icon elementor-social-icon elementor-social-icon-twitter elementor-animation-pulse elementor-repeater-item-6ec3ea6\" href=\"https:\/\/www.twitter.com\/LECCaboverde\" target=\"_blank\">\n\t\t\t\t\t\t<span class=\"elementor-screen-only\">Twitter<\/span>\n\t\t\t\t\t\t<i class=\"fab fa-twitter\"><\/i>\t\t\t\t\t<\/a>\n\t\t\t\t<\/span>\n\t\t\t\t\t\t\t<span class=\"elementor-grid-item\" role=\"listitem\">\n\t\t\t\t\t<a class=\"elementor-icon elementor-social-icon elementor-social-icon-youtube elementor-animation-pulse elementor-repeater-item-f7b78fc\" href=\"https:\/\/www.youtube.com\/channel\/UC5EHRVEAT2YJ1aRvZk98ePA\" target=\"_blank\">\n\t\t\t\t\t\t<span class=\"elementor-screen-only\">Youtube<\/span>\n\t\t\t\t\t\t<i class=\"fab fa-youtube\"><\/i>\t\t\t\t\t<\/a>\n\t\t\t\t<\/span>\n\t\t\t\t\t<\/div>\n\t\t\t\t\t\t<\/div>\n\t\t\t\t<\/div>\n\t\t\t\t\t<\/div>\n\t\t<\/div>\n\t\t\t\t\t<\/div>\n\t\t<\/section>\n\t\t\t\t<\/div>\n\t\t","protected":false},"excerpt":{"rendered":"<p>Ensaios No LEC, \u00e9 poss\u00edvel realizar v\u00e1rios ENSAIOS, atendendo a um conjunto de procedimentos e exig\u00eancias de processos de certifica\u00e7\u00e3o e controle da qualidade dos materiais e produtos da constru\u00e7\u00e3o civil.Faz ainda a avalia\u00e7\u00e3o e o desempenho desses materiais e produtos, com observ\u00e2ncia \u00e0s normas internacionalmente aceites e utilizados. O LEC, esta capacitado para fazer &#8230; <a title=\"Ensaios\" class=\"read-more\" href=\"https:\/\/lec.cv\/lecepe\/ensaio\/\" aria-label=\"Mais sobre Ensaios\">Ler mais<\/a><\/p>\n","protected":false},"author":1,"featured_media":0,"parent":0,"menu_order":0,"comment_status":"closed","ping_status":"closed","template":"","meta":{"om_disable_all_campaigns":false,"_monsterinsights_skip_tracking":false,"_monsterinsights_sitenote_active":false,"_monsterinsights_sitenote_note":"","_monsterinsights_sitenote_category":0,"footnotes":""},"class_list":["post-134","page","type-page","status-publish"],"aioseo_notices":[],"yoast_head":"<!-- This site is optimized with the Yoast SEO plugin v27.2 - https:\/\/yoast.com\/product\/yoast-seo-wordpress\/ -->\n<title>Ensaios - LEC-EPE<\/title>\n<meta name=\"robots\" content=\"index, follow, max-snippet:-1, max-image-preview:large, max-video-preview:-1\" \/>\n<link rel=\"canonical\" href=\"https:\/\/lec.cv\/lecepe\/ensaio\/\" \/>\n<meta property=\"og:locale\" content=\"pt_PT\" \/>\n<meta property=\"og:type\" content=\"article\" \/>\n<meta property=\"og:title\" content=\"Ensaios - LEC-EPE\" \/>\n<meta property=\"og:description\" content=\"Ensaios No LEC, \u00e9 poss\u00edvel realizar v\u00e1rios ENSAIOS, atendendo a um conjunto de procedimentos e exig\u00eancias de processos de certifica\u00e7\u00e3o e controle da qualidade dos materiais e produtos da constru\u00e7\u00e3o civil.Faz ainda a avalia\u00e7\u00e3o e o desempenho desses materiais e produtos, com observ\u00e2ncia \u00e0s normas internacionalmente aceites e utilizados. O LEC, esta capacitado para fazer ... Ler mais\" \/>\n<meta property=\"og:url\" content=\"https:\/\/lec.cv\/lecepe\/ensaio\/\" \/>\n<meta property=\"og:site_name\" content=\"LEC-EPE\" \/>\n<meta property=\"article:publisher\" content=\"http:\/\/www.facebook.com\/LECCaboverde\" \/>\n<meta property=\"article:modified_time\" content=\"2020-04-16T20:37:05+00:00\" \/>\n<meta property=\"og:image\" content=\"https:\/\/lec.cv\/lecepe\/wp-content\/uploads\/2019\/05\/missao-1024x384.png\" \/>\n<meta name=\"twitter:card\" content=\"summary_large_image\" \/>\n<meta name=\"twitter:label1\" content=\"Tempo estimado de leitura\" \/>\n\t<meta name=\"twitter:data1\" content=\"1 minuto\" \/>\n<script type=\"application\/ld+json\" class=\"yoast-schema-graph\">{\"@context\":\"https:\/\/schema.org\",\"@graph\":[{\"@type\":\"WebPage\",\"@id\":\"https:\/\/lec.cv\/lecepe\/ensaio\/\",\"url\":\"https:\/\/lec.cv\/lecepe\/ensaio\/\",\"name\":\"Ensaios - LEC-EPE\",\"isPartOf\":{\"@id\":\"https:\/\/lec.cv\/lecepe\/#website\"},\"primaryImageOfPage\":{\"@id\":\"https:\/\/lec.cv\/lecepe\/ensaio\/#primaryimage\"},\"image\":{\"@id\":\"https:\/\/lec.cv\/lecepe\/ensaio\/#primaryimage\"},\"thumbnailUrl\":\"https:\/\/lec.cv\/lecepe\/wp-content\/uploads\/2019\/05\/missao-1024x384.png\",\"datePublished\":\"2018-07-31T13:05:40+00:00\",\"dateModified\":\"2020-04-16T20:37:05+00:00\",\"breadcrumb\":{\"@id\":\"https:\/\/lec.cv\/lecepe\/ensaio\/#breadcrumb\"},\"inLanguage\":\"pt-PT\",\"potentialAction\":[{\"@type\":\"ReadAction\",\"target\":[\"https:\/\/lec.cv\/lecepe\/ensaio\/\"]}]},{\"@type\":\"ImageObject\",\"inLanguage\":\"pt-PT\",\"@id\":\"https:\/\/lec.cv\/lecepe\/ensaio\/#primaryimage\",\"url\":\"https:\/\/lec.cv\/lecepe\/wp-content\/uploads\/2019\/05\/missao.png\",\"contentUrl\":\"https:\/\/lec.cv\/lecepe\/wp-content\/uploads\/2019\/05\/missao.png\",\"width\":1600,\"height\":600},{\"@type\":\"BreadcrumbList\",\"@id\":\"https:\/\/lec.cv\/lecepe\/ensaio\/#breadcrumb\",\"itemListElement\":[{\"@type\":\"ListItem\",\"position\":1,\"name\":\"In\u00edcio\",\"item\":\"https:\/\/lec.cv\/lecepe\/\"},{\"@type\":\"ListItem\",\"position\":2,\"name\":\"Ensaios\"}]},{\"@type\":\"WebSite\",\"@id\":\"https:\/\/lec.cv\/lecepe\/#website\",\"url\":\"https:\/\/lec.cv\/lecepe\/\",\"name\":\"LEC-EPE\",\"description\":\"Laboratorio de Engenharia Civil de Cabo Verde\",\"publisher\":{\"@id\":\"https:\/\/lec.cv\/lecepe\/#organization\"},\"potentialAction\":[{\"@type\":\"SearchAction\",\"target\":{\"@type\":\"EntryPoint\",\"urlTemplate\":\"https:\/\/lec.cv\/lecepe\/?s={search_term_string}\"},\"query-input\":{\"@type\":\"PropertyValueSpecification\",\"valueRequired\":true,\"valueName\":\"search_term_string\"}}],\"inLanguage\":\"pt-PT\"},{\"@type\":\"Organization\",\"@id\":\"https:\/\/lec.cv\/lecepe\/#organization\",\"name\":\"LEC-EPE\",\"url\":\"https:\/\/lec.cv\/lecepe\/\",\"logo\":{\"@type\":\"ImageObject\",\"inLanguage\":\"pt-PT\",\"@id\":\"https:\/\/lec.cv\/lecepe\/#\/schema\/logo\/image\/\",\"url\":\"https:\/\/lec.cv\/lecepe\/wp-content\/uploads\/2019\/05\/cropped-ID_Site.png\",\"contentUrl\":\"https:\/\/lec.cv\/lecepe\/wp-content\/uploads\/2019\/05\/cropped-ID_Site.png\",\"width\":218,\"height\":70,\"caption\":\"LEC-EPE\"},\"image\":{\"@id\":\"https:\/\/lec.cv\/lecepe\/#\/schema\/logo\/image\/\"},\"sameAs\":[\"http:\/\/www.facebook.com\/LECCaboverde\"]}]}<\/script>\n<!-- \/ Yoast SEO plugin. -->","yoast_head_json":{"title":"Ensaios - LEC-EPE","robots":{"index":"index","follow":"follow","max-snippet":"max-snippet:-1","max-image-preview":"max-image-preview:large","max-video-preview":"max-video-preview:-1"},"canonical":"https:\/\/lec.cv\/lecepe\/ensaio\/","og_locale":"pt_PT","og_type":"article","og_title":"Ensaios - LEC-EPE","og_description":"Ensaios No LEC, \u00e9 poss\u00edvel realizar v\u00e1rios ENSAIOS, atendendo a um conjunto de procedimentos e exig\u00eancias de processos de certifica\u00e7\u00e3o e controle da qualidade dos materiais e produtos da constru\u00e7\u00e3o civil.Faz ainda a avalia\u00e7\u00e3o e o desempenho desses materiais e produtos, com observ\u00e2ncia \u00e0s normas internacionalmente aceites e utilizados. O LEC, esta capacitado para fazer ... Ler mais","og_url":"https:\/\/lec.cv\/lecepe\/ensaio\/","og_site_name":"LEC-EPE","article_publisher":"http:\/\/www.facebook.com\/LECCaboverde","article_modified_time":"2020-04-16T20:37:05+00:00","og_image":[{"url":"https:\/\/lec.cv\/lecepe\/wp-content\/uploads\/2019\/05\/missao-1024x384.png","type":"","width":"","height":""}],"twitter_card":"summary_large_image","twitter_misc":{"Tempo estimado de leitura":"1 minuto"},"schema":{"@context":"https:\/\/schema.org","@graph":[{"@type":"WebPage","@id":"https:\/\/lec.cv\/lecepe\/ensaio\/","url":"https:\/\/lec.cv\/lecepe\/ensaio\/","name":"Ensaios - LEC-EPE","isPartOf":{"@id":"https:\/\/lec.cv\/lecepe\/#website"},"primaryImageOfPage":{"@id":"https:\/\/lec.cv\/lecepe\/ensaio\/#primaryimage"},"image":{"@id":"https:\/\/lec.cv\/lecepe\/ensaio\/#primaryimage"},"thumbnailUrl":"https:\/\/lec.cv\/lecepe\/wp-content\/uploads\/2019\/05\/missao-1024x384.png","datePublished":"2018-07-31T13:05:40+00:00","dateModified":"2020-04-16T20:37:05+00:00","breadcrumb":{"@id":"https:\/\/lec.cv\/lecepe\/ensaio\/#breadcrumb"},"inLanguage":"pt-PT","potentialAction":[{"@type":"ReadAction","target":["https:\/\/lec.cv\/lecepe\/ensaio\/"]}]},{"@type":"ImageObject","inLanguage":"pt-PT","@id":"https:\/\/lec.cv\/lecepe\/ensaio\/#primaryimage","url":"https:\/\/lec.cv\/lecepe\/wp-content\/uploads\/2019\/05\/missao.png","contentUrl":"https:\/\/lec.cv\/lecepe\/wp-content\/uploads\/2019\/05\/missao.png","width":1600,"height":600},{"@type":"BreadcrumbList","@id":"https:\/\/lec.cv\/lecepe\/ensaio\/#breadcrumb","itemListElement":[{"@type":"ListItem","position":1,"name":"In\u00edcio","item":"https:\/\/lec.cv\/lecepe\/"},{"@type":"ListItem","position":2,"name":"Ensaios"}]},{"@type":"WebSite","@id":"https:\/\/lec.cv\/lecepe\/#website","url":"https:\/\/lec.cv\/lecepe\/","name":"LEC-EPE","description":"Laboratorio de Engenharia Civil de Cabo Verde","publisher":{"@id":"https:\/\/lec.cv\/lecepe\/#organization"},"potentialAction":[{"@type":"SearchAction","target":{"@type":"EntryPoint","urlTemplate":"https:\/\/lec.cv\/lecepe\/?s={search_term_string}"},"query-input":{"@type":"PropertyValueSpecification","valueRequired":true,"valueName":"search_term_string"}}],"inLanguage":"pt-PT"},{"@type":"Organization","@id":"https:\/\/lec.cv\/lecepe\/#organization","name":"LEC-EPE","url":"https:\/\/lec.cv\/lecepe\/","logo":{"@type":"ImageObject","inLanguage":"pt-PT","@id":"https:\/\/lec.cv\/lecepe\/#\/schema\/logo\/image\/","url":"https:\/\/lec.cv\/lecepe\/wp-content\/uploads\/2019\/05\/cropped-ID_Site.png","contentUrl":"https:\/\/lec.cv\/lecepe\/wp-content\/uploads\/2019\/05\/cropped-ID_Site.png","width":218,"height":70,"caption":"LEC-EPE"},"image":{"@id":"https:\/\/lec.cv\/lecepe\/#\/schema\/logo\/image\/"},"sameAs":["http:\/\/www.facebook.com\/LECCaboverde"]}]}},"_links":{"self":[{"href":"https:\/\/lec.cv\/lecepe\/wp-json\/wp\/v2\/pages\/134","targetHints":{"allow":["GET"]}}],"collection":[{"href":"https:\/\/lec.cv\/lecepe\/wp-json\/wp\/v2\/pages"}],"about":[{"href":"https:\/\/lec.cv\/lecepe\/wp-json\/wp\/v2\/types\/page"}],"author":[{"embeddable":true,"href":"https:\/\/lec.cv\/lecepe\/wp-json\/wp\/v2\/users\/1"}],"replies":[{"embeddable":true,"href":"https:\/\/lec.cv\/lecepe\/wp-json\/wp\/v2\/comments?post=134"}],"version-history":[{"count":45,"href":"https:\/\/lec.cv\/lecepe\/wp-json\/wp\/v2\/pages\/134\/revisions"}],"predecessor-version":[{"id":2312,"href":"https:\/\/lec.cv\/lecepe\/wp-json\/wp\/v2\/pages\/134\/revisions\/2312"}],"wp:attachment":[{"href":"https:\/\/lec.cv\/lecepe\/wp-json\/wp\/v2\/media?parent=134"}],"curies":[{"name":"wp","href":"https:\/\/api.w.org\/{rel}","templated":true}]}}