{"id":1511,"date":"2019-05-29T13:39:41","date_gmt":"2019-05-29T13:39:41","guid":{"rendered":"https:\/\/lec.cv\/lecepe\/?page_id=1511"},"modified":"2020-04-16T19:47:06","modified_gmt":"2020-04-16T20:47:06","slug":"openday","status":"publish","type":"page","link":"https:\/\/lec.cv\/lecepe\/openday\/","title":{"rendered":"Open Day"},"content":{"rendered":"\t\t<div data-elementor-type=\"wp-post\" data-elementor-id=\"1511\" class=\"elementor elementor-1511\">\n\t\t\t\t\t\t<section class=\"elementor-section elementor-top-section elementor-element elementor-element-77dd315 elementor-section-height-min-height elementor-section-items-stretch elementor-section-boxed elementor-section-height-default\" data-id=\"77dd315\" data-element_type=\"section\" data-settings=\"{&quot;background_background&quot;:&quot;classic&quot;}\">\n\t\t\t\t\t\t<div class=\"elementor-container elementor-column-gap-default\">\n\t\t\t\t\t<div class=\"elementor-column elementor-col-100 elementor-top-column elementor-element elementor-element-8c30f5b\" data-id=\"8c30f5b\" data-element_type=\"column\" data-settings=\"{&quot;background_background&quot;:&quot;classic&quot;}\">\n\t\t\t<div class=\"elementor-widget-wrap elementor-element-populated\">\n\t\t\t\t\t\t<div class=\"elementor-element elementor-element-81bc02f elementor-position-left elementor-vertical-align-bottom elementor-view-default elementor-mobile-position-top elementor-widget elementor-widget-icon-box\" data-id=\"81bc02f\" data-element_type=\"widget\" data-widget_type=\"icon-box.default\">\n\t\t\t\t<div class=\"elementor-widget-container\">\n\t\t\t\t\t\t\t<div class=\"elementor-icon-box-wrapper\">\n\n\t\t\t\t\t\t<div class=\"elementor-icon-box-icon\">\n\t\t\t\t<span  class=\"elementor-icon\">\n\t\t\t\t<i aria-hidden=\"true\" class=\"fab fa-openid\"><\/i>\t\t\t\t<\/span>\n\t\t\t<\/div>\n\t\t\t\n\t\t\t\t\t\t<div class=\"elementor-icon-box-content\">\n\n\t\t\t\t\t\t\t\t\t<h2 class=\"elementor-icon-box-title\">\n\t\t\t\t\t\t<span  >\n\t\t\t\t\t\t\tOpen Day\t\t\t\t\t\t<\/span>\n\t\t\t\t\t<\/h2>\n\t\t\t\t\n\t\t\t\t\n\t\t\t<\/div>\n\t\t\t\n\t\t<\/div>\n\t\t\t\t\t\t<\/div>\n\t\t\t\t<\/div>\n\t\t\t\t\t<\/div>\n\t\t<\/div>\n\t\t\t\t\t<\/div>\n\t\t<\/section>\n\t\t\t\t<section class=\"elementor-section elementor-top-section elementor-element elementor-element-49612da elementor-section-height-min-height elementor-section-boxed elementor-section-height-default elementor-section-items-middle\" data-id=\"49612da\" data-element_type=\"section\" data-settings=\"{&quot;background_background&quot;:&quot;classic&quot;}\">\n\t\t\t\t\t\t<div class=\"elementor-container elementor-column-gap-default\">\n\t\t\t\t\t<div class=\"elementor-column elementor-col-100 elementor-top-column elementor-element elementor-element-8cab130\" data-id=\"8cab130\" data-element_type=\"column\">\n\t\t\t<div class=\"elementor-widget-wrap elementor-element-populated\">\n\t\t\t\t\t\t<div class=\"elementor-element elementor-element-2dc6aa4 elementor-widget elementor-widget-text-editor\" data-id=\"2dc6aa4\" data-element_type=\"widget\" data-widget_type=\"text-editor.default\">\n\t\t\t\t<div class=\"elementor-widget-container\">\n\t\t\t\t\t\t\t\t\t<p>Com o Open Day, o LEC-EPE pretende atender e receber em visitas, alunos, universit\u00e1rios, t\u00e9cnicos do setor e todos aqueles que se interessarem por saber um pouco mais sobre n\u00f3s!<\/p><p><br \/>Agende, num grupo m\u00ednimo de 10!<\/p>\t\t\t\t\t\t\t\t<\/div>\n\t\t\t\t<\/div>\n\t\t\t\t<div class=\"elementor-element elementor-element-6a35539 elementor-pagination-position-outside elementor-widget elementor-widget-image-carousel\" data-id=\"6a35539\" data-element_type=\"widget\" data-settings=\"{&quot;navigation&quot;:&quot;dots&quot;,&quot;image_spacing_custom&quot;:{&quot;unit&quot;:&quot;px&quot;,&quot;size&quot;:100,&quot;sizes&quot;:[]},&quot;autoplay&quot;:&quot;yes&quot;,&quot;pause_on_hover&quot;:&quot;yes&quot;,&quot;pause_on_interaction&quot;:&quot;yes&quot;,&quot;autoplay_speed&quot;:5000,&quot;infinite&quot;:&quot;yes&quot;,&quot;speed&quot;:500,&quot;image_spacing_custom_tablet&quot;:{&quot;unit&quot;:&quot;px&quot;,&quot;size&quot;:&quot;&quot;,&quot;sizes&quot;:[]},&quot;image_spacing_custom_mobile&quot;:{&quot;unit&quot;:&quot;px&quot;,&quot;size&quot;:&quot;&quot;,&quot;sizes&quot;:[]}}\" data-widget_type=\"image-carousel.default\">\n\t\t\t\t<div class=\"elementor-widget-container\">\n\t\t\t\t\t\t\t<div class=\"elementor-image-carousel-wrapper swiper\" role=\"region\" aria-roledescription=\"carousel\" aria-label=\"Carrossel de imagens\" dir=\"ltr\">\n\t\t\t<div class=\"elementor-image-carousel swiper-wrapper\" aria-live=\"off\">\n\t\t\t\t\t\t\t\t<div class=\"swiper-slide\" role=\"group\" aria-roledescription=\"slide\" aria-label=\"1 of 10\"><a data-elementor-open-lightbox=\"yes\" data-elementor-lightbox-slideshow=\"6a35539\" data-elementor-lightbox-title=\"Visita_escola_PedroGomes_4\" data-e-action-hash=\"#elementor-action%3Aaction%3Dlightbox%26settings%3DeyJpZCI6MTIxNSwidXJsIjoiaHR0cHM6XC9cL2xlYy5jdlwvbGVjZXBlXC93cC1jb250ZW50XC91cGxvYWRzXC8yMDE5XC8wNVwvVmlzaXRhX2VzY29sYV9QZWRyb0dvbWVzXzQuanBnIiwic2xpZGVzaG93IjoiNmEzNTUzOSJ9\" href=\"https:\/\/lec.cv\/lecepe\/wp-content\/uploads\/2019\/05\/Visita_escola_PedroGomes_4.jpg\"><figure class=\"swiper-slide-inner\"><img decoding=\"async\" class=\"swiper-slide-image\" src=\"https:\/\/lec.cv\/lecepe\/wp-content\/uploads\/2019\/05\/Visita_escola_PedroGomes_4-150x150.jpg\" alt=\"Visita_escola_PedroGomes_4\" \/><\/figure><\/a><\/div><div class=\"swiper-slide\" role=\"group\" aria-roledescription=\"slide\" aria-label=\"2 of 10\"><a data-elementor-open-lightbox=\"yes\" data-elementor-lightbox-slideshow=\"6a35539\" data-elementor-lightbox-title=\"Visita_escola_PedroGomes_3\" data-e-action-hash=\"#elementor-action%3Aaction%3Dlightbox%26settings%3DeyJpZCI6MTIxMywidXJsIjoiaHR0cHM6XC9cL2xlYy5jdlwvbGVjZXBlXC93cC1jb250ZW50XC91cGxvYWRzXC8yMDE5XC8wNVwvVmlzaXRhX2VzY29sYV9QZWRyb0dvbWVzXzMucG5nIiwic2xpZGVzaG93IjoiNmEzNTUzOSJ9\" href=\"https:\/\/lec.cv\/lecepe\/wp-content\/uploads\/2019\/05\/Visita_escola_PedroGomes_3.png\"><figure class=\"swiper-slide-inner\"><img decoding=\"async\" class=\"swiper-slide-image\" src=\"https:\/\/lec.cv\/lecepe\/wp-content\/uploads\/2019\/05\/Visita_escola_PedroGomes_3-150x150.png\" alt=\"Visita_escola_PedroGomes_3\" \/><\/figure><\/a><\/div><div class=\"swiper-slide\" role=\"group\" aria-roledescription=\"slide\" aria-label=\"3 of 10\"><a data-elementor-open-lightbox=\"yes\" data-elementor-lightbox-slideshow=\"6a35539\" data-elementor-lightbox-title=\"Visita_escola_PedroGomes_2\" data-e-action-hash=\"#elementor-action%3Aaction%3Dlightbox%26settings%3DeyJpZCI6MTIxMiwidXJsIjoiaHR0cHM6XC9cL2xlYy5jdlwvbGVjZXBlXC93cC1jb250ZW50XC91cGxvYWRzXC8yMDE5XC8wNVwvVmlzaXRhX2VzY29sYV9QZWRyb0dvbWVzXzIuanBnIiwic2xpZGVzaG93IjoiNmEzNTUzOSJ9\" href=\"https:\/\/lec.cv\/lecepe\/wp-content\/uploads\/2019\/05\/Visita_escola_PedroGomes_2.jpg\"><figure class=\"swiper-slide-inner\"><img decoding=\"async\" class=\"swiper-slide-image\" src=\"https:\/\/lec.cv\/lecepe\/wp-content\/uploads\/2019\/05\/Visita_escola_PedroGomes_2-150x150.jpg\" alt=\"Visita_escola_PedroGomes_2\" \/><\/figure><\/a><\/div><div class=\"swiper-slide\" role=\"group\" aria-roledescription=\"slide\" aria-label=\"4 of 10\"><a data-elementor-open-lightbox=\"yes\" data-elementor-lightbox-slideshow=\"6a35539\" data-elementor-lightbox-title=\"Visita_escola_PedroGomes\" data-e-action-hash=\"#elementor-action%3Aaction%3Dlightbox%26settings%3DeyJpZCI6MTIxMSwidXJsIjoiaHR0cHM6XC9cL2xlYy5jdlwvbGVjZXBlXC93cC1jb250ZW50XC91cGxvYWRzXC8yMDE5XC8wNVwvVmlzaXRhX2VzY29sYV9QZWRyb0dvbWVzLnBuZyIsInNsaWRlc2hvdyI6IjZhMzU1MzkifQ%3D%3D\" href=\"https:\/\/lec.cv\/lecepe\/wp-content\/uploads\/2019\/05\/Visita_escola_PedroGomes.png\"><figure class=\"swiper-slide-inner\"><img decoding=\"async\" class=\"swiper-slide-image\" src=\"https:\/\/lec.cv\/lecepe\/wp-content\/uploads\/2019\/05\/Visita_escola_PedroGomes-150x150.png\" alt=\"Visita_escola_PedroGomes\" \/><\/figure><\/a><\/div><div class=\"swiper-slide\" role=\"group\" aria-roledescription=\"slide\" aria-label=\"5 of 10\"><a data-elementor-open-lightbox=\"yes\" data-elementor-lightbox-slideshow=\"6a35539\" data-elementor-lightbox-title=\"Open_day_UNICV\" data-e-action-hash=\"#elementor-action%3Aaction%3Dlightbox%26settings%3DeyJpZCI6ODk2LCJ1cmwiOiJodHRwczpcL1wvbGVjLmN2XC9sZWNlcGVcL3dwLWNvbnRlbnRcL3VwbG9hZHNcLzIwMTlcLzA0XC9PcGVuX2RheV9VTklDVi5qcGciLCJzbGlkZXNob3ciOiI2YTM1NTM5In0%3D\" href=\"https:\/\/lec.cv\/lecepe\/wp-content\/uploads\/2019\/04\/Open_day_UNICV.jpg\"><figure class=\"swiper-slide-inner\"><img decoding=\"async\" class=\"swiper-slide-image\" src=\"https:\/\/lec.cv\/lecepe\/wp-content\/uploads\/2019\/04\/Open_day_UNICV-150x150.jpg\" alt=\"Open_day_UNICV\" \/><\/figure><\/a><\/div><div class=\"swiper-slide\" role=\"group\" aria-roledescription=\"slide\" aria-label=\"6 of 10\"><a data-elementor-open-lightbox=\"yes\" data-elementor-lightbox-slideshow=\"6a35539\" data-elementor-lightbox-title=\"Open_day_UNICV_1\" data-e-action-hash=\"#elementor-action%3Aaction%3Dlightbox%26settings%3DeyJpZCI6ODk3LCJ1cmwiOiJodHRwczpcL1wvbGVjLmN2XC9sZWNlcGVcL3dwLWNvbnRlbnRcL3VwbG9hZHNcLzIwMTlcLzA0XC9PcGVuX2RheV9VTklDVl8xLmpwZyIsInNsaWRlc2hvdyI6IjZhMzU1MzkifQ%3D%3D\" href=\"https:\/\/lec.cv\/lecepe\/wp-content\/uploads\/2019\/04\/Open_day_UNICV_1.jpg\"><figure class=\"swiper-slide-inner\"><img decoding=\"async\" class=\"swiper-slide-image\" src=\"https:\/\/lec.cv\/lecepe\/wp-content\/uploads\/2019\/04\/Open_day_UNICV_1-150x150.jpg\" alt=\"Open_day_UNICV_1\" \/><\/figure><\/a><\/div><div class=\"swiper-slide\" role=\"group\" aria-roledescription=\"slide\" aria-label=\"7 of 10\"><a data-elementor-open-lightbox=\"yes\" data-elementor-lightbox-slideshow=\"6a35539\" data-elementor-lightbox-title=\"Open_day_UNICV_2\" data-e-action-hash=\"#elementor-action%3Aaction%3Dlightbox%26settings%3DeyJpZCI6ODk4LCJ1cmwiOiJodHRwczpcL1wvbGVjLmN2XC9sZWNlcGVcL3dwLWNvbnRlbnRcL3VwbG9hZHNcLzIwMTlcLzA0XC9PcGVuX2RheV9VTklDVl8yLmpwZyIsInNsaWRlc2hvdyI6IjZhMzU1MzkifQ%3D%3D\" href=\"https:\/\/lec.cv\/lecepe\/wp-content\/uploads\/2019\/04\/Open_day_UNICV_2.jpg\"><figure class=\"swiper-slide-inner\"><img decoding=\"async\" class=\"swiper-slide-image\" src=\"https:\/\/lec.cv\/lecepe\/wp-content\/uploads\/2019\/04\/Open_day_UNICV_2-150x150.jpg\" alt=\"Open_day_UNICV_2\" \/><\/figure><\/a><\/div><div class=\"swiper-slide\" role=\"group\" aria-roledescription=\"slide\" aria-label=\"8 of 10\"><a data-elementor-open-lightbox=\"yes\" data-elementor-lightbox-slideshow=\"6a35539\" data-elementor-lightbox-title=\"Open_day_UNICV_3\" data-e-action-hash=\"#elementor-action%3Aaction%3Dlightbox%26settings%3DeyJpZCI6ODk5LCJ1cmwiOiJodHRwczpcL1wvbGVjLmN2XC9sZWNlcGVcL3dwLWNvbnRlbnRcL3VwbG9hZHNcLzIwMTlcLzA0XC9PcGVuX2RheV9VTklDVl8zLmpwZyIsInNsaWRlc2hvdyI6IjZhMzU1MzkifQ%3D%3D\" href=\"https:\/\/lec.cv\/lecepe\/wp-content\/uploads\/2019\/04\/Open_day_UNICV_3.jpg\"><figure class=\"swiper-slide-inner\"><img decoding=\"async\" class=\"swiper-slide-image\" src=\"https:\/\/lec.cv\/lecepe\/wp-content\/uploads\/2019\/04\/Open_day_UNICV_3-150x150.jpg\" alt=\"Open_day_UNICV_3\" \/><\/figure><\/a><\/div><div class=\"swiper-slide\" role=\"group\" aria-roledescription=\"slide\" aria-label=\"9 of 10\"><a data-elementor-open-lightbox=\"yes\" data-elementor-lightbox-slideshow=\"6a35539\" data-elementor-lightbox-title=\"Open_day_UNICV_4\" data-e-action-hash=\"#elementor-action%3Aaction%3Dlightbox%26settings%3DeyJpZCI6OTAwLCJ1cmwiOiJodHRwczpcL1wvbGVjLmN2XC9sZWNlcGVcL3dwLWNvbnRlbnRcL3VwbG9hZHNcLzIwMTlcLzA0XC9PcGVuX2RheV9VTklDVl80LmpwZyIsInNsaWRlc2hvdyI6IjZhMzU1MzkifQ%3D%3D\" href=\"https:\/\/lec.cv\/lecepe\/wp-content\/uploads\/2019\/04\/Open_day_UNICV_4.jpg\"><figure class=\"swiper-slide-inner\"><img decoding=\"async\" class=\"swiper-slide-image\" src=\"https:\/\/lec.cv\/lecepe\/wp-content\/uploads\/2019\/04\/Open_day_UNICV_4-150x150.jpg\" alt=\"Open_day_UNICV_4\" \/><\/figure><\/a><\/div><div class=\"swiper-slide\" role=\"group\" aria-roledescription=\"slide\" aria-label=\"10 of 10\"><a data-elementor-open-lightbox=\"yes\" data-elementor-lightbox-slideshow=\"6a35539\" data-elementor-lightbox-title=\"Open_day_UNICV_5\" data-e-action-hash=\"#elementor-action%3Aaction%3Dlightbox%26settings%3DeyJpZCI6OTAxLCJ1cmwiOiJodHRwczpcL1wvbGVjLmN2XC9sZWNlcGVcL3dwLWNvbnRlbnRcL3VwbG9hZHNcLzIwMTlcLzA0XC9PcGVuX2RheV9VTklDVl81LmpwZyIsInNsaWRlc2hvdyI6IjZhMzU1MzkifQ%3D%3D\" href=\"https:\/\/lec.cv\/lecepe\/wp-content\/uploads\/2019\/04\/Open_day_UNICV_5.jpg\"><figure class=\"swiper-slide-inner\"><img decoding=\"async\" class=\"swiper-slide-image\" src=\"https:\/\/lec.cv\/lecepe\/wp-content\/uploads\/2019\/04\/Open_day_UNICV_5-150x150.jpg\" alt=\"Open_day_UNICV_5\" \/><\/figure><\/a><\/div>\t\t\t<\/div>\n\t\t\t\t\t\t\t\n\t\t\t\t\t\t\t\t\t<div class=\"swiper-pagination\"><\/div>\n\t\t\t\t\t\t\t\t\t<\/div>\n\t\t\t\t\t\t<\/div>\n\t\t\t\t<\/div>\n\t\t\t\t\t<\/div>\n\t\t<\/div>\n\t\t\t\t\t<\/div>\n\t\t<\/section>\n\t\t\t\t<section class=\"elementor-section elementor-top-section elementor-element elementor-element-6d1dfc4c elementor-section-boxed elementor-section-height-default elementor-section-height-default\" data-id=\"6d1dfc4c\" data-element_type=\"section\" data-settings=\"{&quot;background_background&quot;:&quot;classic&quot;}\">\n\t\t\t\t\t\t<div class=\"elementor-container elementor-column-gap-default\">\n\t\t\t\t\t<div class=\"elementor-column elementor-col-100 elementor-top-column elementor-element elementor-element-31300223\" data-id=\"31300223\" data-element_type=\"column\">\n\t\t\t<div class=\"elementor-widget-wrap elementor-element-populated\">\n\t\t\t\t\t\t<div class=\"elementor-element elementor-element-1b5f2832 elementor-shape-circle e-grid-align-right elementor-grid-0 elementor-widget elementor-widget-social-icons\" data-id=\"1b5f2832\" data-element_type=\"widget\" data-widget_type=\"social-icons.default\">\n\t\t\t\t<div class=\"elementor-widget-container\">\n\t\t\t\t\t\t\t<div class=\"elementor-social-icons-wrapper elementor-grid\" role=\"list\">\n\t\t\t\t\t\t\t<span class=\"elementor-grid-item\" role=\"listitem\">\n\t\t\t\t\t<a class=\"elementor-icon elementor-social-icon elementor-social-icon-facebook-f elementor-animation-pulse elementor-repeater-item-31120fd\" href=\"https:\/\/www.facebook.com\/LECCaboverde\" target=\"_blank\">\n\t\t\t\t\t\t<span class=\"elementor-screen-only\">Facebook-f<\/span>\n\t\t\t\t\t\t<i class=\"fab fa-facebook-f\"><\/i>\t\t\t\t\t<\/a>\n\t\t\t\t<\/span>\n\t\t\t\t\t\t\t<span class=\"elementor-grid-item\" role=\"listitem\">\n\t\t\t\t\t<a class=\"elementor-icon elementor-social-icon elementor-social-icon-twitter elementor-animation-pulse elementor-repeater-item-6ec3ea6\" href=\"https:\/\/www.twitter.com\/LECCaboverde\" target=\"_blank\">\n\t\t\t\t\t\t<span class=\"elementor-screen-only\">Twitter<\/span>\n\t\t\t\t\t\t<i class=\"fab fa-twitter\"><\/i>\t\t\t\t\t<\/a>\n\t\t\t\t<\/span>\n\t\t\t\t\t\t\t<span class=\"elementor-grid-item\" role=\"listitem\">\n\t\t\t\t\t<a class=\"elementor-icon elementor-social-icon elementor-social-icon-youtube elementor-animation-pulse elementor-repeater-item-f7b78fc\" href=\"https:\/\/www.youtube.com\/channel\/UC5EHRVEAT2YJ1aRvZk98ePA\" target=\"_blank\">\n\t\t\t\t\t\t<span class=\"elementor-screen-only\">Youtube<\/span>\n\t\t\t\t\t\t<i class=\"fab fa-youtube\"><\/i>\t\t\t\t\t<\/a>\n\t\t\t\t<\/span>\n\t\t\t\t\t<\/div>\n\t\t\t\t\t\t<\/div>\n\t\t\t\t<\/div>\n\t\t\t\t\t<\/div>\n\t\t<\/div>\n\t\t\t\t\t<\/div>\n\t\t<\/section>\n\t\t\t\t<\/div>\n\t\t","protected":false},"excerpt":{"rendered":"<p>Open Day Com o Open Day, o LEC-EPE pretende atender e receber em visitas, alunos, universit\u00e1rios, t\u00e9cnicos do setor e todos aqueles que se interessarem por saber um pouco mais sobre n\u00f3s! Agende, num grupo m\u00ednimo de 10! Facebook-f Twitter Youtube<\/p>\n","protected":false},"author":1,"featured_media":0,"parent":0,"menu_order":0,"comment_status":"closed","ping_status":"closed","template":"","meta":{"om_disable_all_campaigns":false,"_monsterinsights_skip_tracking":false,"_monsterinsights_sitenote_active":false,"_monsterinsights_sitenote_note":"","_monsterinsights_sitenote_category":0,"footnotes":""},"class_list":["post-1511","page","type-page","status-publish"],"aioseo_notices":[],"yoast_head":"<!-- This site is optimized with the Yoast SEO plugin v27.2 - https:\/\/yoast.com\/product\/yoast-seo-wordpress\/ -->\n<title>Open Day - LEC-EPE<\/title>\n<meta name=\"robots\" content=\"index, follow, max-snippet:-1, max-image-preview:large, max-video-preview:-1\" \/>\n<link rel=\"canonical\" href=\"https:\/\/lec.cv\/lecepe\/openday\/\" \/>\n<meta property=\"og:locale\" content=\"pt_PT\" \/>\n<meta property=\"og:type\" content=\"article\" \/>\n<meta property=\"og:title\" content=\"Open Day - LEC-EPE\" \/>\n<meta property=\"og:description\" content=\"Open Day Com o Open Day, o LEC-EPE pretende atender e receber em visitas, alunos, universit\u00e1rios, t\u00e9cnicos do setor e todos aqueles que se interessarem por saber um pouco mais sobre n\u00f3s! Agende, num grupo m\u00ednimo de 10! Facebook-f Twitter Youtube\" \/>\n<meta property=\"og:url\" content=\"https:\/\/lec.cv\/lecepe\/openday\/\" \/>\n<meta property=\"og:site_name\" content=\"LEC-EPE\" \/>\n<meta property=\"article:publisher\" content=\"http:\/\/www.facebook.com\/LECCaboverde\" \/>\n<meta property=\"article:modified_time\" content=\"2020-04-16T20:47:06+00:00\" \/>\n<meta property=\"og:image\" content=\"https:\/\/lec.cv\/lecepe\/wp-content\/uploads\/2019\/05\/Visita_escola_PedroGomes_4-150x150.jpg\" \/>\n<meta name=\"twitter:card\" content=\"summary_large_image\" \/>\n<script type=\"application\/ld+json\" class=\"yoast-schema-graph\">{\"@context\":\"https:\/\/schema.org\",\"@graph\":[{\"@type\":\"WebPage\",\"@id\":\"https:\/\/lec.cv\/lecepe\/openday\/\",\"url\":\"https:\/\/lec.cv\/lecepe\/openday\/\",\"name\":\"Open Day - LEC-EPE\",\"isPartOf\":{\"@id\":\"https:\/\/lec.cv\/lecepe\/#website\"},\"primaryImageOfPage\":{\"@id\":\"https:\/\/lec.cv\/lecepe\/openday\/#primaryimage\"},\"image\":{\"@id\":\"https:\/\/lec.cv\/lecepe\/openday\/#primaryimage\"},\"thumbnailUrl\":\"https:\/\/lec.cv\/lecepe\/wp-content\/uploads\/2019\/05\/Visita_escola_PedroGomes_4-150x150.jpg\",\"datePublished\":\"2019-05-29T13:39:41+00:00\",\"dateModified\":\"2020-04-16T20:47:06+00:00\",\"breadcrumb\":{\"@id\":\"https:\/\/lec.cv\/lecepe\/openday\/#breadcrumb\"},\"inLanguage\":\"pt-PT\",\"potentialAction\":[{\"@type\":\"ReadAction\",\"target\":[\"https:\/\/lec.cv\/lecepe\/openday\/\"]}]},{\"@type\":\"ImageObject\",\"inLanguage\":\"pt-PT\",\"@id\":\"https:\/\/lec.cv\/lecepe\/openday\/#primaryimage\",\"url\":\"https:\/\/lec.cv\/lecepe\/wp-content\/uploads\/2019\/05\/Visita_escola_PedroGomes_4-150x150.jpg\",\"contentUrl\":\"https:\/\/lec.cv\/lecepe\/wp-content\/uploads\/2019\/05\/Visita_escola_PedroGomes_4-150x150.jpg\"},{\"@type\":\"BreadcrumbList\",\"@id\":\"https:\/\/lec.cv\/lecepe\/openday\/#breadcrumb\",\"itemListElement\":[{\"@type\":\"ListItem\",\"position\":1,\"name\":\"In\u00edcio\",\"item\":\"https:\/\/lec.cv\/lecepe\/\"},{\"@type\":\"ListItem\",\"position\":2,\"name\":\"Open Day\"}]},{\"@type\":\"WebSite\",\"@id\":\"https:\/\/lec.cv\/lecepe\/#website\",\"url\":\"https:\/\/lec.cv\/lecepe\/\",\"name\":\"LEC-EPE\",\"description\":\"Laboratorio de Engenharia Civil de Cabo Verde\",\"publisher\":{\"@id\":\"https:\/\/lec.cv\/lecepe\/#organization\"},\"potentialAction\":[{\"@type\":\"SearchAction\",\"target\":{\"@type\":\"EntryPoint\",\"urlTemplate\":\"https:\/\/lec.cv\/lecepe\/?s={search_term_string}\"},\"query-input\":{\"@type\":\"PropertyValueSpecification\",\"valueRequired\":true,\"valueName\":\"search_term_string\"}}],\"inLanguage\":\"pt-PT\"},{\"@type\":\"Organization\",\"@id\":\"https:\/\/lec.cv\/lecepe\/#organization\",\"name\":\"LEC-EPE\",\"url\":\"https:\/\/lec.cv\/lecepe\/\",\"logo\":{\"@type\":\"ImageObject\",\"inLanguage\":\"pt-PT\",\"@id\":\"https:\/\/lec.cv\/lecepe\/#\/schema\/logo\/image\/\",\"url\":\"https:\/\/lec.cv\/lecepe\/wp-content\/uploads\/2019\/05\/cropped-ID_Site.png\",\"contentUrl\":\"https:\/\/lec.cv\/lecepe\/wp-content\/uploads\/2019\/05\/cropped-ID_Site.png\",\"width\":218,\"height\":70,\"caption\":\"LEC-EPE\"},\"image\":{\"@id\":\"https:\/\/lec.cv\/lecepe\/#\/schema\/logo\/image\/\"},\"sameAs\":[\"http:\/\/www.facebook.com\/LECCaboverde\"]}]}<\/script>\n<!-- \/ Yoast SEO plugin. -->","yoast_head_json":{"title":"Open Day - LEC-EPE","robots":{"index":"index","follow":"follow","max-snippet":"max-snippet:-1","max-image-preview":"max-image-preview:large","max-video-preview":"max-video-preview:-1"},"canonical":"https:\/\/lec.cv\/lecepe\/openday\/","og_locale":"pt_PT","og_type":"article","og_title":"Open Day - LEC-EPE","og_description":"Open Day Com o Open Day, o LEC-EPE pretende atender e receber em visitas, alunos, universit\u00e1rios, t\u00e9cnicos do setor e todos aqueles que se interessarem por saber um pouco mais sobre n\u00f3s! Agende, num grupo m\u00ednimo de 10! Facebook-f Twitter Youtube","og_url":"https:\/\/lec.cv\/lecepe\/openday\/","og_site_name":"LEC-EPE","article_publisher":"http:\/\/www.facebook.com\/LECCaboverde","article_modified_time":"2020-04-16T20:47:06+00:00","og_image":[{"url":"https:\/\/lec.cv\/lecepe\/wp-content\/uploads\/2019\/05\/Visita_escola_PedroGomes_4-150x150.jpg","type":"","width":"","height":""}],"twitter_card":"summary_large_image","schema":{"@context":"https:\/\/schema.org","@graph":[{"@type":"WebPage","@id":"https:\/\/lec.cv\/lecepe\/openday\/","url":"https:\/\/lec.cv\/lecepe\/openday\/","name":"Open Day - LEC-EPE","isPartOf":{"@id":"https:\/\/lec.cv\/lecepe\/#website"},"primaryImageOfPage":{"@id":"https:\/\/lec.cv\/lecepe\/openday\/#primaryimage"},"image":{"@id":"https:\/\/lec.cv\/lecepe\/openday\/#primaryimage"},"thumbnailUrl":"https:\/\/lec.cv\/lecepe\/wp-content\/uploads\/2019\/05\/Visita_escola_PedroGomes_4-150x150.jpg","datePublished":"2019-05-29T13:39:41+00:00","dateModified":"2020-04-16T20:47:06+00:00","breadcrumb":{"@id":"https:\/\/lec.cv\/lecepe\/openday\/#breadcrumb"},"inLanguage":"pt-PT","potentialAction":[{"@type":"ReadAction","target":["https:\/\/lec.cv\/lecepe\/openday\/"]}]},{"@type":"ImageObject","inLanguage":"pt-PT","@id":"https:\/\/lec.cv\/lecepe\/openday\/#primaryimage","url":"https:\/\/lec.cv\/lecepe\/wp-content\/uploads\/2019\/05\/Visita_escola_PedroGomes_4-150x150.jpg","contentUrl":"https:\/\/lec.cv\/lecepe\/wp-content\/uploads\/2019\/05\/Visita_escola_PedroGomes_4-150x150.jpg"},{"@type":"BreadcrumbList","@id":"https:\/\/lec.cv\/lecepe\/openday\/#breadcrumb","itemListElement":[{"@type":"ListItem","position":1,"name":"In\u00edcio","item":"https:\/\/lec.cv\/lecepe\/"},{"@type":"ListItem","position":2,"name":"Open Day"}]},{"@type":"WebSite","@id":"https:\/\/lec.cv\/lecepe\/#website","url":"https:\/\/lec.cv\/lecepe\/","name":"LEC-EPE","description":"Laboratorio de Engenharia Civil de Cabo Verde","publisher":{"@id":"https:\/\/lec.cv\/lecepe\/#organization"},"potentialAction":[{"@type":"SearchAction","target":{"@type":"EntryPoint","urlTemplate":"https:\/\/lec.cv\/lecepe\/?s={search_term_string}"},"query-input":{"@type":"PropertyValueSpecification","valueRequired":true,"valueName":"search_term_string"}}],"inLanguage":"pt-PT"},{"@type":"Organization","@id":"https:\/\/lec.cv\/lecepe\/#organization","name":"LEC-EPE","url":"https:\/\/lec.cv\/lecepe\/","logo":{"@type":"ImageObject","inLanguage":"pt-PT","@id":"https:\/\/lec.cv\/lecepe\/#\/schema\/logo\/image\/","url":"https:\/\/lec.cv\/lecepe\/wp-content\/uploads\/2019\/05\/cropped-ID_Site.png","contentUrl":"https:\/\/lec.cv\/lecepe\/wp-content\/uploads\/2019\/05\/cropped-ID_Site.png","width":218,"height":70,"caption":"LEC-EPE"},"image":{"@id":"https:\/\/lec.cv\/lecepe\/#\/schema\/logo\/image\/"},"sameAs":["http:\/\/www.facebook.com\/LECCaboverde"]}]}},"_links":{"self":[{"href":"https:\/\/lec.cv\/lecepe\/wp-json\/wp\/v2\/pages\/1511","targetHints":{"allow":["GET"]}}],"collection":[{"href":"https:\/\/lec.cv\/lecepe\/wp-json\/wp\/v2\/pages"}],"about":[{"href":"https:\/\/lec.cv\/lecepe\/wp-json\/wp\/v2\/types\/page"}],"author":[{"embeddable":true,"href":"https:\/\/lec.cv\/lecepe\/wp-json\/wp\/v2\/users\/1"}],"replies":[{"embeddable":true,"href":"https:\/\/lec.cv\/lecepe\/wp-json\/wp\/v2\/comments?post=1511"}],"version-history":[{"count":11,"href":"https:\/\/lec.cv\/lecepe\/wp-json\/wp\/v2\/pages\/1511\/revisions"}],"predecessor-version":[{"id":2316,"href":"https:\/\/lec.cv\/lecepe\/wp-json\/wp\/v2\/pages\/1511\/revisions\/2316"}],"wp:attachment":[{"href":"https:\/\/lec.cv\/lecepe\/wp-json\/wp\/v2\/media?parent=1511"}],"curies":[{"name":"wp","href":"https:\/\/api.w.org\/{rel}","templated":true}]}}