{"id":2050,"date":"2020-02-21T17:38:11","date_gmt":"2020-02-21T18:38:11","guid":{"rendered":"https:\/\/lec.cv\/lecepe\/?page_id=2050"},"modified":"2020-04-16T19:18:30","modified_gmt":"2020-04-16T20:18:30","slug":"inquerito_satisfacao_clientes","status":"publish","type":"page","link":"https:\/\/lec.cv\/lecepe\/inquerito_satisfacao_clientes\/","title":{"rendered":"Relat\u00f3rio do Inqu\u00e9rito de Satisfa\u00e7\u00e3o a Clientes"},"content":{"rendered":"\t\t<div data-elementor-type=\"wp-post\" data-elementor-id=\"2050\" class=\"elementor elementor-2050\">\n\t\t\t\t\t\t<section class=\"elementor-section elementor-top-section elementor-element elementor-element-35ad678 elementor-section-height-min-height elementor-section-items-stretch elementor-section-boxed elementor-section-height-default\" data-id=\"35ad678\" data-element_type=\"section\" data-settings=\"{&quot;background_background&quot;:&quot;classic&quot;}\">\n\t\t\t\t\t\t<div class=\"elementor-container elementor-column-gap-default\">\n\t\t\t\t\t<div class=\"elementor-column elementor-col-100 elementor-top-column elementor-element elementor-element-7965d3d\" data-id=\"7965d3d\" data-element_type=\"column\" data-settings=\"{&quot;background_background&quot;:&quot;classic&quot;}\">\n\t\t\t<div class=\"elementor-widget-wrap elementor-element-populated\">\n\t\t\t\t\t\t<div class=\"elementor-element elementor-element-edf2754 elementor-position-left elementor-vertical-align-bottom elementor-view-default elementor-mobile-position-top elementor-widget elementor-widget-icon-box\" data-id=\"edf2754\" data-element_type=\"widget\" data-widget_type=\"icon-box.default\">\n\t\t\t\t<div class=\"elementor-widget-container\">\n\t\t\t\t\t\t\t<div class=\"elementor-icon-box-wrapper\">\n\n\t\t\t\t\t\t<div class=\"elementor-icon-box-icon\">\n\t\t\t\t<span  class=\"elementor-icon\">\n\t\t\t\t<i aria-hidden=\"true\" class=\"fas fa-chart-line\"><\/i>\t\t\t\t<\/span>\n\t\t\t<\/div>\n\t\t\t\n\t\t\t\t\t\t<div class=\"elementor-icon-box-content\">\n\n\t\t\t\t\t\t\t\t\t<h2 class=\"elementor-icon-box-title\">\n\t\t\t\t\t\t<span  >\n\t\t\t\t\t\t\tRelat\u00f3rios\t\t\t\t\t\t<\/span>\n\t\t\t\t\t<\/h2>\n\t\t\t\t\n\t\t\t\t\n\t\t\t<\/div>\n\t\t\t\n\t\t<\/div>\n\t\t\t\t\t\t<\/div>\n\t\t\t\t<\/div>\n\t\t\t\t\t<\/div>\n\t\t<\/div>\n\t\t\t\t\t<\/div>\n\t\t<\/section>\n\t\t\t\t<section class=\"elementor-section elementor-top-section elementor-element elementor-element-cfb6d5f elementor-section-boxed elementor-section-height-default elementor-section-height-default\" data-id=\"cfb6d5f\" data-element_type=\"section\">\n\t\t\t\t\t\t<div class=\"elementor-container elementor-column-gap-default\">\n\t\t\t\t\t<div class=\"elementor-column elementor-col-100 elementor-top-column elementor-element elementor-element-e2a236c\" data-id=\"e2a236c\" data-element_type=\"column\">\n\t\t\t<div class=\"elementor-widget-wrap elementor-element-populated\">\n\t\t\t\t\t\t<div class=\"elementor-element elementor-element-8c8f212 elementor-widget elementor-widget-heading\" data-id=\"8c8f212\" data-element_type=\"widget\" data-widget_type=\"heading.default\">\n\t\t\t\t<div class=\"elementor-widget-container\">\n\t\t\t\t\t<h2 class=\"elementor-heading-title elementor-size-default\">Relat\u00f3rio do Inqu\u00e9rito de Satisfa\u00e7\u00e3o a Clientes \u200b<\/h2>\t\t\t\t<\/div>\n\t\t\t\t<\/div>\n\t\t\t\t<div class=\"elementor-element elementor-element-eb35d82 elementor-widget elementor-widget-text-editor\" data-id=\"eb35d82\" data-element_type=\"widget\" data-widget_type=\"text-editor.default\">\n\t\t\t\t<div class=\"elementor-widget-container\">\n\t\t\t\t\t\t\t\t\t<p>Foram realizadas quest\u00f5es nas categorias: Identifica\u00e7\u00e3o da empresa Cliente, Atendimento\/Comunica\u00e7\u00e3o, Presta\u00e7\u00e3o de Servi\u00e7o, utilizando uma escala de 1 \u00e0 5, em que 1 foi considerado como P\u00e9ssimo e 5 como Muito Bom. Dos dados recolhidos constatou-se que maioria dos clientes deram uma nota de 4 numa escala de 1 \u00e0 5.<\/p>\t\t\t\t\t\t\t\t<\/div>\n\t\t\t\t<\/div>\n\t\t\t\t<div class=\"elementor-element elementor-element-4859b52 elementor-align-left elementor-widget elementor-widget-button\" data-id=\"4859b52\" data-element_type=\"widget\" data-widget_type=\"button.default\">\n\t\t\t\t<div class=\"elementor-widget-container\">\n\t\t\t\t\t\t\t\t\t<div class=\"elementor-button-wrapper\">\n\t\t\t\t\t<a class=\"elementor-button elementor-button-link elementor-size-xs elementor-animation-grow\" href=\"https:\/\/lec.cv\/lecepe\/resultadoinqueritoclientes\/\" target=\"_blank\">\n\t\t\t\t\t\t<span class=\"elementor-button-content-wrapper\">\n\t\t\t\t\t\t\t\t\t<span class=\"elementor-button-text\">Ver Resultado<\/span>\n\t\t\t\t\t<\/span>\n\t\t\t\t\t<\/a>\n\t\t\t\t<\/div>\n\t\t\t\t\t\t\t\t<\/div>\n\t\t\t\t<\/div>\n\t\t\t\t\t<\/div>\n\t\t<\/div>\n\t\t\t\t\t<\/div>\n\t\t<\/section>\n\t\t\t\t<section class=\"elementor-section elementor-top-section elementor-element elementor-element-6304367e elementor-section-boxed elementor-section-height-default elementor-section-height-default\" data-id=\"6304367e\" data-element_type=\"section\" data-settings=\"{&quot;background_background&quot;:&quot;classic&quot;}\">\n\t\t\t\t\t\t<div class=\"elementor-container elementor-column-gap-default\">\n\t\t\t\t\t<div class=\"elementor-column elementor-col-100 elementor-top-column elementor-element elementor-element-4f27a074\" data-id=\"4f27a074\" data-element_type=\"column\">\n\t\t\t<div class=\"elementor-widget-wrap elementor-element-populated\">\n\t\t\t\t\t\t<div class=\"elementor-element elementor-element-6e1a97b9 elementor-shape-circle e-grid-align-right elementor-grid-0 elementor-widget elementor-widget-social-icons\" data-id=\"6e1a97b9\" data-element_type=\"widget\" data-widget_type=\"social-icons.default\">\n\t\t\t\t<div class=\"elementor-widget-container\">\n\t\t\t\t\t\t\t<div class=\"elementor-social-icons-wrapper elementor-grid\" role=\"list\">\n\t\t\t\t\t\t\t<span class=\"elementor-grid-item\" role=\"listitem\">\n\t\t\t\t\t<a class=\"elementor-icon elementor-social-icon elementor-social-icon-facebook-f elementor-animation-pulse elementor-repeater-item-31120fd\" href=\"https:\/\/www.facebook.com\/LECCaboverde\" target=\"_blank\">\n\t\t\t\t\t\t<span class=\"elementor-screen-only\">Facebook-f<\/span>\n\t\t\t\t\t\t<i class=\"fab fa-facebook-f\"><\/i>\t\t\t\t\t<\/a>\n\t\t\t\t<\/span>\n\t\t\t\t\t\t\t<span class=\"elementor-grid-item\" role=\"listitem\">\n\t\t\t\t\t<a class=\"elementor-icon elementor-social-icon elementor-social-icon-twitter elementor-animation-pulse elementor-repeater-item-6ec3ea6\" href=\"https:\/\/www.twitter.com\/LECCaboverde\" target=\"_blank\">\n\t\t\t\t\t\t<span class=\"elementor-screen-only\">Twitter<\/span>\n\t\t\t\t\t\t<i class=\"fab fa-twitter\"><\/i>\t\t\t\t\t<\/a>\n\t\t\t\t<\/span>\n\t\t\t\t\t\t\t<span class=\"elementor-grid-item\" role=\"listitem\">\n\t\t\t\t\t<a class=\"elementor-icon elementor-social-icon elementor-social-icon-youtube elementor-animation-pulse elementor-repeater-item-f7b78fc\" href=\"https:\/\/www.youtube.com\/channel\/UC5EHRVEAT2YJ1aRvZk98ePA\" target=\"_blank\">\n\t\t\t\t\t\t<span class=\"elementor-screen-only\">Youtube<\/span>\n\t\t\t\t\t\t<i class=\"fab fa-youtube\"><\/i>\t\t\t\t\t<\/a>\n\t\t\t\t<\/span>\n\t\t\t\t\t<\/div>\n\t\t\t\t\t\t<\/div>\n\t\t\t\t<\/div>\n\t\t\t\t\t<\/div>\n\t\t<\/div>\n\t\t\t\t\t<\/div>\n\t\t<\/section>\n\t\t\t\t<\/div>\n\t\t","protected":false},"excerpt":{"rendered":"<p>Relat\u00f3rios Relat\u00f3rio do Inqu\u00e9rito de Satisfa\u00e7\u00e3o a Clientes \u200b Foram realizadas quest\u00f5es nas categorias: Identifica\u00e7\u00e3o da empresa Cliente, Atendimento\/Comunica\u00e7\u00e3o, Presta\u00e7\u00e3o de Servi\u00e7o, utilizando uma escala de 1 \u00e0 5, em que 1 foi considerado como P\u00e9ssimo e 5 como Muito Bom. Dos dados recolhidos constatou-se que maioria dos clientes deram uma nota de 4 numa &#8230; <a title=\"Relat\u00f3rio do Inqu\u00e9rito de Satisfa\u00e7\u00e3o a Clientes\" class=\"read-more\" href=\"https:\/\/lec.cv\/lecepe\/inquerito_satisfacao_clientes\/\" aria-label=\"Mais sobre Relat\u00f3rio do Inqu\u00e9rito de Satisfa\u00e7\u00e3o a Clientes\">Ler mais<\/a><\/p>\n","protected":false},"author":1,"featured_media":0,"parent":0,"menu_order":0,"comment_status":"closed","ping_status":"closed","template":"","meta":{"om_disable_all_campaigns":false,"_monsterinsights_skip_tracking":false,"_monsterinsights_sitenote_active":false,"_monsterinsights_sitenote_note":"","_monsterinsights_sitenote_category":0,"footnotes":""},"class_list":["post-2050","page","type-page","status-publish"],"aioseo_notices":[],"yoast_head":"<!-- This site is optimized with the Yoast SEO plugin v27.2 - https:\/\/yoast.com\/product\/yoast-seo-wordpress\/ -->\n<title>Relat\u00f3rio do Inqu\u00e9rito de Satisfa\u00e7\u00e3o a Clientes - LEC-EPE<\/title>\n<meta name=\"robots\" content=\"index, follow, max-snippet:-1, max-image-preview:large, max-video-preview:-1\" \/>\n<link rel=\"canonical\" href=\"https:\/\/lec.cv\/lecepe\/inquerito_satisfacao_clientes\/\" \/>\n<meta property=\"og:locale\" content=\"pt_PT\" \/>\n<meta property=\"og:type\" content=\"article\" \/>\n<meta property=\"og:title\" content=\"Relat\u00f3rio do Inqu\u00e9rito de Satisfa\u00e7\u00e3o a Clientes - LEC-EPE\" \/>\n<meta property=\"og:description\" content=\"Relat\u00f3rios Relat\u00f3rio do Inqu\u00e9rito de Satisfa\u00e7\u00e3o a Clientes \u200b Foram realizadas quest\u00f5es nas categorias: Identifica\u00e7\u00e3o da empresa Cliente, Atendimento\/Comunica\u00e7\u00e3o, Presta\u00e7\u00e3o de Servi\u00e7o, utilizando uma escala de 1 \u00e0 5, em que 1 foi considerado como P\u00e9ssimo e 5 como Muito Bom. Dos dados recolhidos constatou-se que maioria dos clientes deram uma nota de 4 numa ... Ler mais\" \/>\n<meta property=\"og:url\" content=\"https:\/\/lec.cv\/lecepe\/inquerito_satisfacao_clientes\/\" \/>\n<meta property=\"og:site_name\" content=\"LEC-EPE\" \/>\n<meta property=\"article:publisher\" content=\"http:\/\/www.facebook.com\/LECCaboverde\" \/>\n<meta property=\"article:modified_time\" content=\"2020-04-16T20:18:30+00:00\" \/>\n<meta name=\"twitter:card\" content=\"summary_large_image\" \/>\n<script type=\"application\/ld+json\" class=\"yoast-schema-graph\">{\"@context\":\"https:\/\/schema.org\",\"@graph\":[{\"@type\":\"WebPage\",\"@id\":\"https:\/\/lec.cv\/lecepe\/inquerito_satisfacao_clientes\/\",\"url\":\"https:\/\/lec.cv\/lecepe\/inquerito_satisfacao_clientes\/\",\"name\":\"Relat\u00f3rio do Inqu\u00e9rito de Satisfa\u00e7\u00e3o a Clientes - LEC-EPE\",\"isPartOf\":{\"@id\":\"https:\/\/lec.cv\/lecepe\/#website\"},\"datePublished\":\"2020-02-21T18:38:11+00:00\",\"dateModified\":\"2020-04-16T20:18:30+00:00\",\"breadcrumb\":{\"@id\":\"https:\/\/lec.cv\/lecepe\/inquerito_satisfacao_clientes\/#breadcrumb\"},\"inLanguage\":\"pt-PT\",\"potentialAction\":[{\"@type\":\"ReadAction\",\"target\":[\"https:\/\/lec.cv\/lecepe\/inquerito_satisfacao_clientes\/\"]}]},{\"@type\":\"BreadcrumbList\",\"@id\":\"https:\/\/lec.cv\/lecepe\/inquerito_satisfacao_clientes\/#breadcrumb\",\"itemListElement\":[{\"@type\":\"ListItem\",\"position\":1,\"name\":\"In\u00edcio\",\"item\":\"https:\/\/lec.cv\/lecepe\/\"},{\"@type\":\"ListItem\",\"position\":2,\"name\":\"Relat\u00f3rio do Inqu\u00e9rito de Satisfa\u00e7\u00e3o a Clientes\"}]},{\"@type\":\"WebSite\",\"@id\":\"https:\/\/lec.cv\/lecepe\/#website\",\"url\":\"https:\/\/lec.cv\/lecepe\/\",\"name\":\"LEC-EPE\",\"description\":\"Laboratorio de Engenharia Civil de Cabo Verde\",\"publisher\":{\"@id\":\"https:\/\/lec.cv\/lecepe\/#organization\"},\"potentialAction\":[{\"@type\":\"SearchAction\",\"target\":{\"@type\":\"EntryPoint\",\"urlTemplate\":\"https:\/\/lec.cv\/lecepe\/?s={search_term_string}\"},\"query-input\":{\"@type\":\"PropertyValueSpecification\",\"valueRequired\":true,\"valueName\":\"search_term_string\"}}],\"inLanguage\":\"pt-PT\"},{\"@type\":\"Organization\",\"@id\":\"https:\/\/lec.cv\/lecepe\/#organization\",\"name\":\"LEC-EPE\",\"url\":\"https:\/\/lec.cv\/lecepe\/\",\"logo\":{\"@type\":\"ImageObject\",\"inLanguage\":\"pt-PT\",\"@id\":\"https:\/\/lec.cv\/lecepe\/#\/schema\/logo\/image\/\",\"url\":\"https:\/\/lec.cv\/lecepe\/wp-content\/uploads\/2019\/05\/cropped-ID_Site.png\",\"contentUrl\":\"https:\/\/lec.cv\/lecepe\/wp-content\/uploads\/2019\/05\/cropped-ID_Site.png\",\"width\":218,\"height\":70,\"caption\":\"LEC-EPE\"},\"image\":{\"@id\":\"https:\/\/lec.cv\/lecepe\/#\/schema\/logo\/image\/\"},\"sameAs\":[\"http:\/\/www.facebook.com\/LECCaboverde\"]}]}<\/script>\n<!-- \/ Yoast SEO plugin. -->","yoast_head_json":{"title":"Relat\u00f3rio do Inqu\u00e9rito de Satisfa\u00e7\u00e3o a Clientes - LEC-EPE","robots":{"index":"index","follow":"follow","max-snippet":"max-snippet:-1","max-image-preview":"max-image-preview:large","max-video-preview":"max-video-preview:-1"},"canonical":"https:\/\/lec.cv\/lecepe\/inquerito_satisfacao_clientes\/","og_locale":"pt_PT","og_type":"article","og_title":"Relat\u00f3rio do Inqu\u00e9rito de Satisfa\u00e7\u00e3o a Clientes - LEC-EPE","og_description":"Relat\u00f3rios Relat\u00f3rio do Inqu\u00e9rito de Satisfa\u00e7\u00e3o a Clientes \u200b Foram realizadas quest\u00f5es nas categorias: Identifica\u00e7\u00e3o da empresa Cliente, Atendimento\/Comunica\u00e7\u00e3o, Presta\u00e7\u00e3o de Servi\u00e7o, utilizando uma escala de 1 \u00e0 5, em que 1 foi considerado como P\u00e9ssimo e 5 como Muito Bom. Dos dados recolhidos constatou-se que maioria dos clientes deram uma nota de 4 numa ... Ler mais","og_url":"https:\/\/lec.cv\/lecepe\/inquerito_satisfacao_clientes\/","og_site_name":"LEC-EPE","article_publisher":"http:\/\/www.facebook.com\/LECCaboverde","article_modified_time":"2020-04-16T20:18:30+00:00","twitter_card":"summary_large_image","schema":{"@context":"https:\/\/schema.org","@graph":[{"@type":"WebPage","@id":"https:\/\/lec.cv\/lecepe\/inquerito_satisfacao_clientes\/","url":"https:\/\/lec.cv\/lecepe\/inquerito_satisfacao_clientes\/","name":"Relat\u00f3rio do Inqu\u00e9rito de Satisfa\u00e7\u00e3o a Clientes - LEC-EPE","isPartOf":{"@id":"https:\/\/lec.cv\/lecepe\/#website"},"datePublished":"2020-02-21T18:38:11+00:00","dateModified":"2020-04-16T20:18:30+00:00","breadcrumb":{"@id":"https:\/\/lec.cv\/lecepe\/inquerito_satisfacao_clientes\/#breadcrumb"},"inLanguage":"pt-PT","potentialAction":[{"@type":"ReadAction","target":["https:\/\/lec.cv\/lecepe\/inquerito_satisfacao_clientes\/"]}]},{"@type":"BreadcrumbList","@id":"https:\/\/lec.cv\/lecepe\/inquerito_satisfacao_clientes\/#breadcrumb","itemListElement":[{"@type":"ListItem","position":1,"name":"In\u00edcio","item":"https:\/\/lec.cv\/lecepe\/"},{"@type":"ListItem","position":2,"name":"Relat\u00f3rio do Inqu\u00e9rito de Satisfa\u00e7\u00e3o a Clientes"}]},{"@type":"WebSite","@id":"https:\/\/lec.cv\/lecepe\/#website","url":"https:\/\/lec.cv\/lecepe\/","name":"LEC-EPE","description":"Laboratorio de Engenharia Civil de Cabo Verde","publisher":{"@id":"https:\/\/lec.cv\/lecepe\/#organization"},"potentialAction":[{"@type":"SearchAction","target":{"@type":"EntryPoint","urlTemplate":"https:\/\/lec.cv\/lecepe\/?s={search_term_string}"},"query-input":{"@type":"PropertyValueSpecification","valueRequired":true,"valueName":"search_term_string"}}],"inLanguage":"pt-PT"},{"@type":"Organization","@id":"https:\/\/lec.cv\/lecepe\/#organization","name":"LEC-EPE","url":"https:\/\/lec.cv\/lecepe\/","logo":{"@type":"ImageObject","inLanguage":"pt-PT","@id":"https:\/\/lec.cv\/lecepe\/#\/schema\/logo\/image\/","url":"https:\/\/lec.cv\/lecepe\/wp-content\/uploads\/2019\/05\/cropped-ID_Site.png","contentUrl":"https:\/\/lec.cv\/lecepe\/wp-content\/uploads\/2019\/05\/cropped-ID_Site.png","width":218,"height":70,"caption":"LEC-EPE"},"image":{"@id":"https:\/\/lec.cv\/lecepe\/#\/schema\/logo\/image\/"},"sameAs":["http:\/\/www.facebook.com\/LECCaboverde"]}]}},"_links":{"self":[{"href":"https:\/\/lec.cv\/lecepe\/wp-json\/wp\/v2\/pages\/2050","targetHints":{"allow":["GET"]}}],"collection":[{"href":"https:\/\/lec.cv\/lecepe\/wp-json\/wp\/v2\/pages"}],"about":[{"href":"https:\/\/lec.cv\/lecepe\/wp-json\/wp\/v2\/types\/page"}],"author":[{"embeddable":true,"href":"https:\/\/lec.cv\/lecepe\/wp-json\/wp\/v2\/users\/1"}],"replies":[{"embeddable":true,"href":"https:\/\/lec.cv\/lecepe\/wp-json\/wp\/v2\/comments?post=2050"}],"version-history":[{"count":23,"href":"https:\/\/lec.cv\/lecepe\/wp-json\/wp\/v2\/pages\/2050\/revisions"}],"predecessor-version":[{"id":2305,"href":"https:\/\/lec.cv\/lecepe\/wp-json\/wp\/v2\/pages\/2050\/revisions\/2305"}],"wp:attachment":[{"href":"https:\/\/lec.cv\/lecepe\/wp-json\/wp\/v2\/media?parent=2050"}],"curies":[{"name":"wp","href":"https:\/\/api.w.org\/{rel}","templated":true}]}}