{"id":229,"date":"2018-08-23T11:50:51","date_gmt":"2018-08-23T11:50:51","guid":{"rendered":"http:\/\/lec.cv\/lecepe\/?page_id=229"},"modified":"2019-05-31T14:23:22","modified_gmt":"2019-05-31T15:23:22","slug":"legislacao","status":"publish","type":"page","link":"https:\/\/lec.cv\/lecepe\/legislacao\/","title":{"rendered":"Legisla\u00e7\u00e3o"},"content":{"rendered":"<p>&nbsp;<\/p>\n<p>Nomea\u00e7\u00e3o do novo Conselho de Administra\u00e7\u00e3o do LEC. \u00a0<span style=\"color: #333399;\"><em><strong><a style=\"color: #333399;\" href=\"https:\/\/lec.cv\/lecepe\/wp-content\/uploads\/2019\/05\/bo_novo_ca_lec_2016.pdf\" target=\"_blank\" rel=\"noopener noreferrer\">Consulte aqui o BO<\/a><\/strong><\/em><\/span><\/p>\n<p>Nomea\u00e7\u00e3o do Fiscal Unico.\u00a0<span style=\"color: #333399;\"> <em><strong><a style=\"color: #333399;\" href=\"https:\/\/lec.cv\/lecepe\/wp-content\/uploads\/2019\/05\/bo_26-10-2018_61-Nomea\u00e7\u00e3o-fiscal-\u00fanico-LEC.pdf\" target=\"_blank\" rel=\"noopener noreferrer\">Consulte aqui o BO<\/a><\/strong><\/em><\/span><\/p>\n<p>Estatuto do LEC.\u00a0 <span style=\"color: #333399;\"><em><strong><a style=\"color: #333399;\" href=\"https:\/\/lec.cv\/lecepe\/wp-content\/uploads\/2019\/05\/bo_09-05-2018_27-Estatutos-do-LEC.pdf\" target=\"_blank\" rel=\"noopener noreferrer\">Consulte aqui o BO<\/a><\/strong><\/em><\/span><\/p>\n","protected":false},"excerpt":{"rendered":"<p>&nbsp; Nomea\u00e7\u00e3o do novo Conselho de Administra\u00e7\u00e3o do LEC. \u00a0Consulte aqui o BO Nomea\u00e7\u00e3o do Fiscal Unico.\u00a0 Consulte aqui o BO Estatuto do LEC.\u00a0 Consulte aqui o BO<\/p>\n","protected":false},"author":1,"featured_media":0,"parent":0,"menu_order":0,"comment_status":"closed","ping_status":"closed","template":"","meta":{"om_disable_all_campaigns":false,"_monsterinsights_skip_tracking":false,"_monsterinsights_sitenote_active":false,"_monsterinsights_sitenote_note":"","_monsterinsights_sitenote_category":0,"footnotes":""},"class_list":["post-229","page","type-page","status-publish"],"aioseo_notices":[],"yoast_head":"<!-- This site is optimized with the Yoast SEO plugin v27.2 - https:\/\/yoast.com\/product\/yoast-seo-wordpress\/ -->\n<title>Legisla\u00e7\u00e3o - LEC-EPE<\/title>\n<meta name=\"robots\" content=\"index, follow, max-snippet:-1, max-image-preview:large, max-video-preview:-1\" \/>\n<link rel=\"canonical\" href=\"https:\/\/lec.cv\/lecepe\/legislacao\/\" \/>\n<meta property=\"og:locale\" content=\"pt_PT\" \/>\n<meta property=\"og:type\" content=\"article\" \/>\n<meta property=\"og:title\" content=\"Legisla\u00e7\u00e3o - LEC-EPE\" \/>\n<meta property=\"og:description\" content=\"&nbsp; Nomea\u00e7\u00e3o do novo Conselho de Administra\u00e7\u00e3o do LEC. \u00a0Consulte aqui o BO Nomea\u00e7\u00e3o do Fiscal Unico.\u00a0 Consulte aqui o BO Estatuto do LEC.\u00a0 Consulte aqui o BO\" \/>\n<meta property=\"og:url\" content=\"https:\/\/lec.cv\/lecepe\/legislacao\/\" \/>\n<meta property=\"og:site_name\" content=\"LEC-EPE\" \/>\n<meta property=\"article:publisher\" content=\"http:\/\/www.facebook.com\/LECCaboverde\" \/>\n<meta property=\"article:modified_time\" content=\"2019-05-31T15:23:22+00:00\" \/>\n<meta name=\"twitter:card\" content=\"summary_large_image\" \/>\n<script type=\"application\/ld+json\" class=\"yoast-schema-graph\">{\"@context\":\"https:\/\/schema.org\",\"@graph\":[{\"@type\":\"WebPage\",\"@id\":\"https:\/\/lec.cv\/lecepe\/legislacao\/\",\"url\":\"https:\/\/lec.cv\/lecepe\/legislacao\/\",\"name\":\"Legisla\u00e7\u00e3o - LEC-EPE\",\"isPartOf\":{\"@id\":\"https:\/\/lec.cv\/lecepe\/#website\"},\"datePublished\":\"2018-08-23T11:50:51+00:00\",\"dateModified\":\"2019-05-31T15:23:22+00:00\",\"breadcrumb\":{\"@id\":\"https:\/\/lec.cv\/lecepe\/legislacao\/#breadcrumb\"},\"inLanguage\":\"pt-PT\",\"potentialAction\":[{\"@type\":\"ReadAction\",\"target\":[\"https:\/\/lec.cv\/lecepe\/legislacao\/\"]}]},{\"@type\":\"BreadcrumbList\",\"@id\":\"https:\/\/lec.cv\/lecepe\/legislacao\/#breadcrumb\",\"itemListElement\":[{\"@type\":\"ListItem\",\"position\":1,\"name\":\"In\u00edcio\",\"item\":\"https:\/\/lec.cv\/lecepe\/\"},{\"@type\":\"ListItem\",\"position\":2,\"name\":\"Legisla\u00e7\u00e3o\"}]},{\"@type\":\"WebSite\",\"@id\":\"https:\/\/lec.cv\/lecepe\/#website\",\"url\":\"https:\/\/lec.cv\/lecepe\/\",\"name\":\"LEC-EPE\",\"description\":\"Laboratorio de Engenharia Civil de Cabo Verde\",\"publisher\":{\"@id\":\"https:\/\/lec.cv\/lecepe\/#organization\"},\"potentialAction\":[{\"@type\":\"SearchAction\",\"target\":{\"@type\":\"EntryPoint\",\"urlTemplate\":\"https:\/\/lec.cv\/lecepe\/?s={search_term_string}\"},\"query-input\":{\"@type\":\"PropertyValueSpecification\",\"valueRequired\":true,\"valueName\":\"search_term_string\"}}],\"inLanguage\":\"pt-PT\"},{\"@type\":\"Organization\",\"@id\":\"https:\/\/lec.cv\/lecepe\/#organization\",\"name\":\"LEC-EPE\",\"url\":\"https:\/\/lec.cv\/lecepe\/\",\"logo\":{\"@type\":\"ImageObject\",\"inLanguage\":\"pt-PT\",\"@id\":\"https:\/\/lec.cv\/lecepe\/#\/schema\/logo\/image\/\",\"url\":\"https:\/\/lec.cv\/lecepe\/wp-content\/uploads\/2019\/05\/cropped-ID_Site.png\",\"contentUrl\":\"https:\/\/lec.cv\/lecepe\/wp-content\/uploads\/2019\/05\/cropped-ID_Site.png\",\"width\":218,\"height\":70,\"caption\":\"LEC-EPE\"},\"image\":{\"@id\":\"https:\/\/lec.cv\/lecepe\/#\/schema\/logo\/image\/\"},\"sameAs\":[\"http:\/\/www.facebook.com\/LECCaboverde\"]}]}<\/script>\n<!-- \/ Yoast SEO plugin. -->","yoast_head_json":{"title":"Legisla\u00e7\u00e3o - LEC-EPE","robots":{"index":"index","follow":"follow","max-snippet":"max-snippet:-1","max-image-preview":"max-image-preview:large","max-video-preview":"max-video-preview:-1"},"canonical":"https:\/\/lec.cv\/lecepe\/legislacao\/","og_locale":"pt_PT","og_type":"article","og_title":"Legisla\u00e7\u00e3o - LEC-EPE","og_description":"&nbsp; Nomea\u00e7\u00e3o do novo Conselho de Administra\u00e7\u00e3o do LEC. \u00a0Consulte aqui o BO Nomea\u00e7\u00e3o do Fiscal Unico.\u00a0 Consulte aqui o BO Estatuto do LEC.\u00a0 Consulte aqui o BO","og_url":"https:\/\/lec.cv\/lecepe\/legislacao\/","og_site_name":"LEC-EPE","article_publisher":"http:\/\/www.facebook.com\/LECCaboverde","article_modified_time":"2019-05-31T15:23:22+00:00","twitter_card":"summary_large_image","schema":{"@context":"https:\/\/schema.org","@graph":[{"@type":"WebPage","@id":"https:\/\/lec.cv\/lecepe\/legislacao\/","url":"https:\/\/lec.cv\/lecepe\/legislacao\/","name":"Legisla\u00e7\u00e3o - LEC-EPE","isPartOf":{"@id":"https:\/\/lec.cv\/lecepe\/#website"},"datePublished":"2018-08-23T11:50:51+00:00","dateModified":"2019-05-31T15:23:22+00:00","breadcrumb":{"@id":"https:\/\/lec.cv\/lecepe\/legislacao\/#breadcrumb"},"inLanguage":"pt-PT","potentialAction":[{"@type":"ReadAction","target":["https:\/\/lec.cv\/lecepe\/legislacao\/"]}]},{"@type":"BreadcrumbList","@id":"https:\/\/lec.cv\/lecepe\/legislacao\/#breadcrumb","itemListElement":[{"@type":"ListItem","position":1,"name":"In\u00edcio","item":"https:\/\/lec.cv\/lecepe\/"},{"@type":"ListItem","position":2,"name":"Legisla\u00e7\u00e3o"}]},{"@type":"WebSite","@id":"https:\/\/lec.cv\/lecepe\/#website","url":"https:\/\/lec.cv\/lecepe\/","name":"LEC-EPE","description":"Laboratorio de Engenharia Civil de Cabo Verde","publisher":{"@id":"https:\/\/lec.cv\/lecepe\/#organization"},"potentialAction":[{"@type":"SearchAction","target":{"@type":"EntryPoint","urlTemplate":"https:\/\/lec.cv\/lecepe\/?s={search_term_string}"},"query-input":{"@type":"PropertyValueSpecification","valueRequired":true,"valueName":"search_term_string"}}],"inLanguage":"pt-PT"},{"@type":"Organization","@id":"https:\/\/lec.cv\/lecepe\/#organization","name":"LEC-EPE","url":"https:\/\/lec.cv\/lecepe\/","logo":{"@type":"ImageObject","inLanguage":"pt-PT","@id":"https:\/\/lec.cv\/lecepe\/#\/schema\/logo\/image\/","url":"https:\/\/lec.cv\/lecepe\/wp-content\/uploads\/2019\/05\/cropped-ID_Site.png","contentUrl":"https:\/\/lec.cv\/lecepe\/wp-content\/uploads\/2019\/05\/cropped-ID_Site.png","width":218,"height":70,"caption":"LEC-EPE"},"image":{"@id":"https:\/\/lec.cv\/lecepe\/#\/schema\/logo\/image\/"},"sameAs":["http:\/\/www.facebook.com\/LECCaboverde"]}]}},"_links":{"self":[{"href":"https:\/\/lec.cv\/lecepe\/wp-json\/wp\/v2\/pages\/229","targetHints":{"allow":["GET"]}}],"collection":[{"href":"https:\/\/lec.cv\/lecepe\/wp-json\/wp\/v2\/pages"}],"about":[{"href":"https:\/\/lec.cv\/lecepe\/wp-json\/wp\/v2\/types\/page"}],"author":[{"embeddable":true,"href":"https:\/\/lec.cv\/lecepe\/wp-json\/wp\/v2\/users\/1"}],"replies":[{"embeddable":true,"href":"https:\/\/lec.cv\/lecepe\/wp-json\/wp\/v2\/comments?post=229"}],"version-history":[{"count":11,"href":"https:\/\/lec.cv\/lecepe\/wp-json\/wp\/v2\/pages\/229\/revisions"}],"predecessor-version":[{"id":1658,"href":"https:\/\/lec.cv\/lecepe\/wp-json\/wp\/v2\/pages\/229\/revisions\/1658"}],"wp:attachment":[{"href":"https:\/\/lec.cv\/lecepe\/wp-json\/wp\/v2\/media?parent=229"}],"curies":[{"name":"wp","href":"https:\/\/api.w.org\/{rel}","templated":true}]}}