{"id":474,"date":"2018-09-20T13:51:45","date_gmt":"2018-09-20T13:51:45","guid":{"rendered":"http:\/\/lec.cv\/lecepe\/?page_id=474"},"modified":"2019-05-31T17:54:02","modified_gmt":"2019-05-31T18:54:02","slug":"museu_inauguracao","status":"publish","type":"page","link":"https:\/\/lec.cv\/lecepe\/museu_inauguracao\/","title":{"rendered":"Inaugura\u00e7\u00e3o do Museu"},"content":{"rendered":"<p>O Laborat\u00f3rio da Engenharia Civil de Cabo Verde, LEC-EPE inaugurou no dia 21 de maio de 2018, a<strong>\u00a0Sala Museu e Exposi\u00e7\u00e3o Permanente\u00a0<\/strong>sob o tema\u00a0<strong>\u201cConhecer o presente, (re)visitando o passado atrav\u00e9s dos seus equipamentos\u201d<\/strong>, em comemora\u00e7\u00e3o ao m\u00eas dos museus e dos 160 anos da Cidade da Praia Maria.<\/p>\r\n<p>&nbsp;<\/p>\r\n<p><img fetchpriority=\"high\" decoding=\"async\" class=\" wp-image-1670 alignleft\" src=\"https:\/\/lec.cv\/lecepe\/wp-content\/uploads\/2019\/05\/kmn-300x167.png\" alt=\"\" width=\"407\" height=\"242\" data-wp-editing=\"1\" \/>Assim, com o objetivo de integrar estes instrumentos no seu espa\u00e7o peculiar, entendido como testemunhos materiais do passado, ricos em informa\u00e7\u00f5es t\u00e9cnico-cient\u00edficas, o LEC prop\u00f4s criar uma Sala-Museu, consubstanciada num programa museol\u00f3gico e na montagem de uma exposi\u00e7\u00e3o permanente no intento de preservar, para as gera\u00e7\u00f5es vindouras, estes equipamentos na l\u00f3gica de estudar para conservar, e conservar para legar. Tendo como objetivo geral a valoriza\u00e7\u00e3o cient\u00edfica, educativa, cultural e tur\u00edstica destes objetos, esta Sala-Museu, pretende valorizar os equipamentos do ponto de vista museol\u00f3gico, tirando partido da sua utiliza\u00e7\u00e3o como objetos de observa\u00e7\u00e3o e frui\u00e7\u00e3o.<br \/>Para cumprir estes desideratos, propomos uma s\u00e9rie de iniciativas procurando atrair grande n\u00famero de p\u00fablico, nomeadamente a comunidade acad\u00eamica, de modo a transformar a Sala-Museu num laborat\u00f3rio de pesquisa em mat\u00e9ria de constru\u00e7\u00e3o civil, ao mesmo tempo um espa\u00e7o de entretenimento cultural num pa\u00eds como Cabo Verde, onde as ofertas museol\u00f3gicas n\u00e3o abundam.As visitas guiadas desempenhar\u00e3o, um papel fundamental na interliga\u00e7\u00e3o que pretendemos estabelecer com a comunidade, aproximando-a a um espa\u00e7o que encerra em si m\u00faltiplos saberes.<\/p>\r\n\r\n<div class=\"wp-block-button\"><a class=\"wp-block-button__link\" href=\"https:\/\/lec.cv\/lecepe\/museu-do-lec\/\">Panoramic View<\/a><\/div>\r\n","protected":false},"excerpt":{"rendered":"<p>O Laborat\u00f3rio da Engenharia Civil de Cabo Verde, LEC-EPE inaugurou no dia 21 de maio de 2018, a\u00a0Sala Museu e Exposi\u00e7\u00e3o Permanente\u00a0sob o tema\u00a0\u201cConhecer o presente, (re)visitando o passado atrav\u00e9s dos seus equipamentos\u201d, em comemora\u00e7\u00e3o ao m\u00eas dos museus e dos 160 anos da Cidade da Praia Maria. &nbsp; Assim, com o objetivo de integrar &#8230; <a title=\"Inaugura\u00e7\u00e3o do Museu\" class=\"read-more\" href=\"https:\/\/lec.cv\/lecepe\/museu_inauguracao\/\" aria-label=\"Mais sobre Inaugura\u00e7\u00e3o do Museu\">Ler mais<\/a><\/p>\n","protected":false},"author":1,"featured_media":0,"parent":0,"menu_order":0,"comment_status":"closed","ping_status":"closed","template":"","meta":{"om_disable_all_campaigns":false,"_monsterinsights_skip_tracking":false,"_monsterinsights_sitenote_active":false,"_monsterinsights_sitenote_note":"","_monsterinsights_sitenote_category":0,"footnotes":""},"class_list":["post-474","page","type-page","status-publish"],"aioseo_notices":[],"yoast_head":"<!-- This site is optimized with the Yoast SEO plugin v27.2 - https:\/\/yoast.com\/product\/yoast-seo-wordpress\/ -->\n<title>Inaugura\u00e7\u00e3o do Museu - LEC-EPE<\/title>\n<meta name=\"robots\" content=\"index, follow, max-snippet:-1, max-image-preview:large, max-video-preview:-1\" \/>\n<link rel=\"canonical\" href=\"https:\/\/lec.cv\/lecepe\/museu_inauguracao\/\" \/>\n<meta property=\"og:locale\" content=\"pt_PT\" \/>\n<meta property=\"og:type\" content=\"article\" \/>\n<meta property=\"og:title\" content=\"Inaugura\u00e7\u00e3o do Museu - LEC-EPE\" \/>\n<meta property=\"og:description\" content=\"O Laborat\u00f3rio da Engenharia Civil de Cabo Verde, LEC-EPE inaugurou no dia 21 de maio de 2018, a\u00a0Sala Museu e Exposi\u00e7\u00e3o Permanente\u00a0sob o tema\u00a0\u201cConhecer o presente, (re)visitando o passado atrav\u00e9s dos seus equipamentos\u201d, em comemora\u00e7\u00e3o ao m\u00eas dos museus e dos 160 anos da Cidade da Praia Maria. &nbsp; Assim, com o objetivo de integrar ... Ler mais\" \/>\n<meta property=\"og:url\" content=\"https:\/\/lec.cv\/lecepe\/museu_inauguracao\/\" \/>\n<meta property=\"og:site_name\" content=\"LEC-EPE\" \/>\n<meta property=\"article:publisher\" content=\"http:\/\/www.facebook.com\/LECCaboverde\" \/>\n<meta property=\"article:modified_time\" content=\"2019-05-31T18:54:02+00:00\" \/>\n<meta property=\"og:image\" content=\"https:\/\/lec.cv\/lecepe\/wp-content\/uploads\/2019\/05\/kmn-300x167.png\" \/>\n<meta name=\"twitter:card\" content=\"summary_large_image\" \/>\n<meta name=\"twitter:label1\" content=\"Tempo estimado de leitura\" \/>\n\t<meta name=\"twitter:data1\" content=\"1 minuto\" \/>\n<script type=\"application\/ld+json\" class=\"yoast-schema-graph\">{\"@context\":\"https:\/\/schema.org\",\"@graph\":[{\"@type\":\"WebPage\",\"@id\":\"https:\/\/lec.cv\/lecepe\/museu_inauguracao\/\",\"url\":\"https:\/\/lec.cv\/lecepe\/museu_inauguracao\/\",\"name\":\"Inaugura\u00e7\u00e3o do Museu - LEC-EPE\",\"isPartOf\":{\"@id\":\"https:\/\/lec.cv\/lecepe\/#website\"},\"primaryImageOfPage\":{\"@id\":\"https:\/\/lec.cv\/lecepe\/museu_inauguracao\/#primaryimage\"},\"image\":{\"@id\":\"https:\/\/lec.cv\/lecepe\/museu_inauguracao\/#primaryimage\"},\"thumbnailUrl\":\"https:\/\/lec.cv\/lecepe\/wp-content\/uploads\/2019\/05\/kmn-300x167.png\",\"datePublished\":\"2018-09-20T13:51:45+00:00\",\"dateModified\":\"2019-05-31T18:54:02+00:00\",\"breadcrumb\":{\"@id\":\"https:\/\/lec.cv\/lecepe\/museu_inauguracao\/#breadcrumb\"},\"inLanguage\":\"pt-PT\",\"potentialAction\":[{\"@type\":\"ReadAction\",\"target\":[\"https:\/\/lec.cv\/lecepe\/museu_inauguracao\/\"]}]},{\"@type\":\"ImageObject\",\"inLanguage\":\"pt-PT\",\"@id\":\"https:\/\/lec.cv\/lecepe\/museu_inauguracao\/#primaryimage\",\"url\":\"https:\/\/lec.cv\/lecepe\/wp-content\/uploads\/2019\/05\/kmn.png\",\"contentUrl\":\"https:\/\/lec.cv\/lecepe\/wp-content\/uploads\/2019\/05\/kmn.png\",\"width\":800,\"height\":444},{\"@type\":\"BreadcrumbList\",\"@id\":\"https:\/\/lec.cv\/lecepe\/museu_inauguracao\/#breadcrumb\",\"itemListElement\":[{\"@type\":\"ListItem\",\"position\":1,\"name\":\"In\u00edcio\",\"item\":\"https:\/\/lec.cv\/lecepe\/\"},{\"@type\":\"ListItem\",\"position\":2,\"name\":\"Inaugura\u00e7\u00e3o do Museu\"}]},{\"@type\":\"WebSite\",\"@id\":\"https:\/\/lec.cv\/lecepe\/#website\",\"url\":\"https:\/\/lec.cv\/lecepe\/\",\"name\":\"LEC-EPE\",\"description\":\"Laboratorio de Engenharia Civil de Cabo Verde\",\"publisher\":{\"@id\":\"https:\/\/lec.cv\/lecepe\/#organization\"},\"potentialAction\":[{\"@type\":\"SearchAction\",\"target\":{\"@type\":\"EntryPoint\",\"urlTemplate\":\"https:\/\/lec.cv\/lecepe\/?s={search_term_string}\"},\"query-input\":{\"@type\":\"PropertyValueSpecification\",\"valueRequired\":true,\"valueName\":\"search_term_string\"}}],\"inLanguage\":\"pt-PT\"},{\"@type\":\"Organization\",\"@id\":\"https:\/\/lec.cv\/lecepe\/#organization\",\"name\":\"LEC-EPE\",\"url\":\"https:\/\/lec.cv\/lecepe\/\",\"logo\":{\"@type\":\"ImageObject\",\"inLanguage\":\"pt-PT\",\"@id\":\"https:\/\/lec.cv\/lecepe\/#\/schema\/logo\/image\/\",\"url\":\"https:\/\/lec.cv\/lecepe\/wp-content\/uploads\/2019\/05\/cropped-ID_Site.png\",\"contentUrl\":\"https:\/\/lec.cv\/lecepe\/wp-content\/uploads\/2019\/05\/cropped-ID_Site.png\",\"width\":218,\"height\":70,\"caption\":\"LEC-EPE\"},\"image\":{\"@id\":\"https:\/\/lec.cv\/lecepe\/#\/schema\/logo\/image\/\"},\"sameAs\":[\"http:\/\/www.facebook.com\/LECCaboverde\"]}]}<\/script>\n<!-- \/ Yoast SEO plugin. -->","yoast_head_json":{"title":"Inaugura\u00e7\u00e3o do Museu - LEC-EPE","robots":{"index":"index","follow":"follow","max-snippet":"max-snippet:-1","max-image-preview":"max-image-preview:large","max-video-preview":"max-video-preview:-1"},"canonical":"https:\/\/lec.cv\/lecepe\/museu_inauguracao\/","og_locale":"pt_PT","og_type":"article","og_title":"Inaugura\u00e7\u00e3o do Museu - LEC-EPE","og_description":"O Laborat\u00f3rio da Engenharia Civil de Cabo Verde, LEC-EPE inaugurou no dia 21 de maio de 2018, a\u00a0Sala Museu e Exposi\u00e7\u00e3o Permanente\u00a0sob o tema\u00a0\u201cConhecer o presente, (re)visitando o passado atrav\u00e9s dos seus equipamentos\u201d, em comemora\u00e7\u00e3o ao m\u00eas dos museus e dos 160 anos da Cidade da Praia Maria. &nbsp; Assim, com o objetivo de integrar ... Ler mais","og_url":"https:\/\/lec.cv\/lecepe\/museu_inauguracao\/","og_site_name":"LEC-EPE","article_publisher":"http:\/\/www.facebook.com\/LECCaboverde","article_modified_time":"2019-05-31T18:54:02+00:00","og_image":[{"url":"https:\/\/lec.cv\/lecepe\/wp-content\/uploads\/2019\/05\/kmn-300x167.png","type":"","width":"","height":""}],"twitter_card":"summary_large_image","twitter_misc":{"Tempo estimado de leitura":"1 minuto"},"schema":{"@context":"https:\/\/schema.org","@graph":[{"@type":"WebPage","@id":"https:\/\/lec.cv\/lecepe\/museu_inauguracao\/","url":"https:\/\/lec.cv\/lecepe\/museu_inauguracao\/","name":"Inaugura\u00e7\u00e3o do Museu - LEC-EPE","isPartOf":{"@id":"https:\/\/lec.cv\/lecepe\/#website"},"primaryImageOfPage":{"@id":"https:\/\/lec.cv\/lecepe\/museu_inauguracao\/#primaryimage"},"image":{"@id":"https:\/\/lec.cv\/lecepe\/museu_inauguracao\/#primaryimage"},"thumbnailUrl":"https:\/\/lec.cv\/lecepe\/wp-content\/uploads\/2019\/05\/kmn-300x167.png","datePublished":"2018-09-20T13:51:45+00:00","dateModified":"2019-05-31T18:54:02+00:00","breadcrumb":{"@id":"https:\/\/lec.cv\/lecepe\/museu_inauguracao\/#breadcrumb"},"inLanguage":"pt-PT","potentialAction":[{"@type":"ReadAction","target":["https:\/\/lec.cv\/lecepe\/museu_inauguracao\/"]}]},{"@type":"ImageObject","inLanguage":"pt-PT","@id":"https:\/\/lec.cv\/lecepe\/museu_inauguracao\/#primaryimage","url":"https:\/\/lec.cv\/lecepe\/wp-content\/uploads\/2019\/05\/kmn.png","contentUrl":"https:\/\/lec.cv\/lecepe\/wp-content\/uploads\/2019\/05\/kmn.png","width":800,"height":444},{"@type":"BreadcrumbList","@id":"https:\/\/lec.cv\/lecepe\/museu_inauguracao\/#breadcrumb","itemListElement":[{"@type":"ListItem","position":1,"name":"In\u00edcio","item":"https:\/\/lec.cv\/lecepe\/"},{"@type":"ListItem","position":2,"name":"Inaugura\u00e7\u00e3o do Museu"}]},{"@type":"WebSite","@id":"https:\/\/lec.cv\/lecepe\/#website","url":"https:\/\/lec.cv\/lecepe\/","name":"LEC-EPE","description":"Laboratorio de Engenharia Civil de Cabo Verde","publisher":{"@id":"https:\/\/lec.cv\/lecepe\/#organization"},"potentialAction":[{"@type":"SearchAction","target":{"@type":"EntryPoint","urlTemplate":"https:\/\/lec.cv\/lecepe\/?s={search_term_string}"},"query-input":{"@type":"PropertyValueSpecification","valueRequired":true,"valueName":"search_term_string"}}],"inLanguage":"pt-PT"},{"@type":"Organization","@id":"https:\/\/lec.cv\/lecepe\/#organization","name":"LEC-EPE","url":"https:\/\/lec.cv\/lecepe\/","logo":{"@type":"ImageObject","inLanguage":"pt-PT","@id":"https:\/\/lec.cv\/lecepe\/#\/schema\/logo\/image\/","url":"https:\/\/lec.cv\/lecepe\/wp-content\/uploads\/2019\/05\/cropped-ID_Site.png","contentUrl":"https:\/\/lec.cv\/lecepe\/wp-content\/uploads\/2019\/05\/cropped-ID_Site.png","width":218,"height":70,"caption":"LEC-EPE"},"image":{"@id":"https:\/\/lec.cv\/lecepe\/#\/schema\/logo\/image\/"},"sameAs":["http:\/\/www.facebook.com\/LECCaboverde"]}]}},"_links":{"self":[{"href":"https:\/\/lec.cv\/lecepe\/wp-json\/wp\/v2\/pages\/474","targetHints":{"allow":["GET"]}}],"collection":[{"href":"https:\/\/lec.cv\/lecepe\/wp-json\/wp\/v2\/pages"}],"about":[{"href":"https:\/\/lec.cv\/lecepe\/wp-json\/wp\/v2\/types\/page"}],"author":[{"embeddable":true,"href":"https:\/\/lec.cv\/lecepe\/wp-json\/wp\/v2\/users\/1"}],"replies":[{"embeddable":true,"href":"https:\/\/lec.cv\/lecepe\/wp-json\/wp\/v2\/comments?post=474"}],"version-history":[{"count":8,"href":"https:\/\/lec.cv\/lecepe\/wp-json\/wp\/v2\/pages\/474\/revisions"}],"predecessor-version":[{"id":1671,"href":"https:\/\/lec.cv\/lecepe\/wp-json\/wp\/v2\/pages\/474\/revisions\/1671"}],"wp:attachment":[{"href":"https:\/\/lec.cv\/lecepe\/wp-json\/wp\/v2\/media?parent=474"}],"curies":[{"name":"wp","href":"https:\/\/api.w.org\/{rel}","templated":true}]}}