{"id":92,"date":"2018-07-24T12:30:30","date_gmt":"2018-07-24T12:30:30","guid":{"rendered":"http:\/\/lec.cv\/lecepe\/?page_id=92"},"modified":"2020-04-16T18:55:43","modified_gmt":"2020-04-16T19:55:43","slug":"quem-somos","status":"publish","type":"page","link":"https:\/\/lec.cv\/lecepe\/quem-somos\/","title":{"rendered":"Quem Somos"},"content":{"rendered":"\t\t<div data-elementor-type=\"wp-post\" data-elementor-id=\"92\" class=\"elementor elementor-92\">\n\t\t\t\t\t\t<section class=\"elementor-section elementor-top-section elementor-element elementor-element-b4a7213 elementor-section-height-min-height elementor-section-items-stretch elementor-section-boxed elementor-section-height-default\" data-id=\"b4a7213\" data-element_type=\"section\" data-settings=\"{&quot;background_background&quot;:&quot;classic&quot;}\">\n\t\t\t\t\t\t<div class=\"elementor-container elementor-column-gap-default\">\n\t\t\t\t\t<div class=\"elementor-column elementor-col-100 elementor-top-column elementor-element elementor-element-54122a4\" data-id=\"54122a4\" data-element_type=\"column\" data-settings=\"{&quot;background_background&quot;:&quot;classic&quot;}\">\n\t\t\t<div class=\"elementor-widget-wrap elementor-element-populated\">\n\t\t\t\t\t\t<div class=\"elementor-element elementor-element-3487c9a elementor-position-left elementor-vertical-align-bottom elementor-view-default elementor-mobile-position-top elementor-widget elementor-widget-icon-box\" data-id=\"3487c9a\" data-element_type=\"widget\" data-widget_type=\"icon-box.default\">\n\t\t\t\t<div class=\"elementor-widget-container\">\n\t\t\t\t\t\t\t<div class=\"elementor-icon-box-wrapper\">\n\n\t\t\t\t\t\t<div class=\"elementor-icon-box-icon\">\n\t\t\t\t<span  class=\"elementor-icon\">\n\t\t\t\t<i aria-hidden=\"true\" class=\"fas fa-users\"><\/i>\t\t\t\t<\/span>\n\t\t\t<\/div>\n\t\t\t\n\t\t\t\t\t\t<div class=\"elementor-icon-box-content\">\n\n\t\t\t\t\t\t\t\t\t<h2 class=\"elementor-icon-box-title\">\n\t\t\t\t\t\t<span  >\n\t\t\t\t\t\t\tSobre N\u00f3s\t\t\t\t\t\t<\/span>\n\t\t\t\t\t<\/h2>\n\t\t\t\t\n\t\t\t\t\n\t\t\t<\/div>\n\t\t\t\n\t\t<\/div>\n\t\t\t\t\t\t<\/div>\n\t\t\t\t<\/div>\n\t\t\t\t\t<\/div>\n\t\t<\/div>\n\t\t\t\t\t<\/div>\n\t\t<\/section>\n\t\t\t\t<section class=\"elementor-section elementor-top-section elementor-element elementor-element-21a2965 elementor-section-boxed elementor-section-height-default elementor-section-height-default\" data-id=\"21a2965\" data-element_type=\"section\" data-settings=\"{&quot;background_background&quot;:&quot;classic&quot;}\">\n\t\t\t\t\t\t<div class=\"elementor-container elementor-column-gap-default\">\n\t\t\t\t\t<div class=\"elementor-column elementor-col-100 elementor-top-column elementor-element elementor-element-2ce975b\" data-id=\"2ce975b\" data-element_type=\"column\">\n\t\t\t<div class=\"elementor-widget-wrap elementor-element-populated\">\n\t\t\t\t\t\t<div class=\"elementor-element elementor-element-ca0a9ba elementor-widget elementor-widget-heading\" data-id=\"ca0a9ba\" data-element_type=\"widget\" data-widget_type=\"heading.default\">\n\t\t\t\t<div class=\"elementor-widget-container\">\n\t\t\t\t\t<h1 class=\"elementor-heading-title elementor-size-large\">Nossa hist\u00f3ria e evolu\u00e7\u00e3o ao \nlongo dos anos<\/h1>\t\t\t\t<\/div>\n\t\t\t\t<\/div>\n\t\t\t\t\t<\/div>\n\t\t<\/div>\n\t\t\t\t\t<\/div>\n\t\t<\/section>\n\t\t\t\t<section class=\"elementor-section elementor-top-section elementor-element elementor-element-3c35e94 elementor-section-height-min-height elementor-section-boxed elementor-section-height-default elementor-section-items-middle\" data-id=\"3c35e94\" data-element_type=\"section\" data-settings=\"{&quot;background_background&quot;:&quot;classic&quot;}\">\n\t\t\t\t\t\t\t<div class=\"elementor-background-overlay\"><\/div>\n\t\t\t\t\t\t\t<div class=\"elementor-container elementor-column-gap-default\">\n\t\t\t\t\t<div class=\"elementor-column elementor-col-100 elementor-top-column elementor-element elementor-element-9d36cf8\" data-id=\"9d36cf8\" data-element_type=\"column\" data-settings=\"{&quot;background_background&quot;:&quot;classic&quot;}\">\n\t\t\t<div class=\"elementor-widget-wrap elementor-element-populated\">\n\t\t\t\t\t\t<div class=\"elementor-element elementor-element-0f84caa elementor-widget elementor-widget-image-box\" data-id=\"0f84caa\" data-element_type=\"widget\" data-widget_type=\"image-box.default\">\n\t\t\t\t<div class=\"elementor-widget-container\">\n\t\t\t\t\t<div class=\"elementor-image-box-wrapper\"><div class=\"elementor-image-box-content\"><p class=\"elementor-image-box-description\">O Laborat\u00f3rio de Engenharia Civil, apesar de funcionar desde 1991, nos controles das Obras do Porto da Praia, conforme informa\u00e7\u00f5es recolhidas e registos da Institui\u00e7\u00e3o, \u00e9 a 28 de Setembro, pelo do Decreto-Lei N\u00ba 119\/92, que se cria o Laborat\u00f3rio de Engenharia Civil de Cabo Verde (abreviadamente designada de LEC), como \u00abpessoa coletiva p\u00fablica dotada de autonomia administrativa, financeira e patrimonial\u00bb com o objeto de realizar a \u00abinvestiga\u00e7\u00e3o nas \u00e1reas abrangidas pela engenharia\u00bb. <\/p><\/div><\/div>\t\t\t\t<\/div>\n\t\t\t\t<\/div>\n\t\t\t\t<div class=\"elementor-element elementor-element-75acdea elementor-widget elementor-widget-heading\" data-id=\"75acdea\" data-element_type=\"widget\" data-widget_type=\"heading.default\">\n\t\t\t\t<div class=\"elementor-widget-container\">\n\t\t\t\t\t<h5 class=\"elementor-heading-title elementor-size-default\">Historial<\/h5>\t\t\t\t<\/div>\n\t\t\t\t<\/div>\n\t\t\t\t<div class=\"elementor-element elementor-element-204c5e5 elementor-widget elementor-widget-text-editor\" data-id=\"204c5e5\" data-element_type=\"widget\" data-widget_type=\"text-editor.default\">\n\t\t\t\t<div class=\"elementor-widget-container\">\n\t\t\t\t\t\t\t\t\t<p>Desde ent\u00e3o, passou por v\u00e1rios processos de altera\u00e7\u00f5es, conforme se ilustra na figura que segue:<\/p>\t\t\t\t\t\t\t\t<\/div>\n\t\t\t\t<\/div>\n\t\t\t\t<div class=\"elementor-element elementor-element-d5a6275 elementor-widget elementor-widget-image\" data-id=\"d5a6275\" data-element_type=\"widget\" data-widget_type=\"image.default\">\n\t\t\t\t<div class=\"elementor-widget-container\">\n\t\t\t\t\t\t\t\t\t\t\t\t<figure class=\"wp-caption\">\n\t\t\t\t\t\t\t\t\t\t<img fetchpriority=\"high\" decoding=\"async\" width=\"768\" height=\"498\" src=\"https:\/\/lec.cv\/lecepe\/wp-content\/uploads\/2019\/05\/grafico-evolution-768x498.png\" class=\"attachment-medium_large size-medium_large wp-image-1122\" alt=\"\" srcset=\"https:\/\/lec.cv\/lecepe\/wp-content\/uploads\/2019\/05\/grafico-evolution-768x498.png 768w, https:\/\/lec.cv\/lecepe\/wp-content\/uploads\/2019\/05\/grafico-evolution-300x195.png 300w, https:\/\/lec.cv\/lecepe\/wp-content\/uploads\/2019\/05\/grafico-evolution.png 1010w\" sizes=\"(max-width: 768px) 100vw, 768px\" \/>\t\t\t\t\t\t\t\t\t\t\t<figcaption class=\"widget-image-caption wp-caption-text\">Figura.1 \u2013 evolu\u00e7\u00e3o do Laborat\u00f3rio de Engenharia Civil<\/figcaption>\n\t\t\t\t\t\t\t\t\t\t<\/figure>\n\t\t\t\t\t\t\t\t\t<\/div>\n\t\t\t\t<\/div>\n\t\t\t\t<div class=\"elementor-element elementor-element-8fb5d2f elementor-widget elementor-widget-heading\" data-id=\"8fb5d2f\" data-element_type=\"widget\" data-widget_type=\"heading.default\">\n\t\t\t\t<div class=\"elementor-widget-container\">\n\t\t\t\t\t<h5 class=\"elementor-heading-title elementor-size-default\">\u00d3rg\u00e3os Sociais<\/h5>\t\t\t\t<\/div>\n\t\t\t\t<\/div>\n\t\t\t\t<div class=\"elementor-element elementor-element-a43fb36 elementor-widget elementor-widget-text-editor\" data-id=\"a43fb36\" data-element_type=\"widget\" data-widget_type=\"text-editor.default\">\n\t\t\t\t<div class=\"elementor-widget-container\">\n\t\t\t\t\t\t\t\t\t<p>De acordo com o Estatuto, Artigo 10\u00ba. dos <strong>\u00d3rg\u00e3os Sociais<\/strong> do LEC fazem parte:<\/p><p><strong>\u00a0i. O Conselho de Administra\u00e7\u00e3o<\/strong>, constitu\u00eddo por 3 (tr\u00eas) elementos: Presidente Conselho de Administra\u00e7\u00e3o, Administrador Executivo e Administrador N\u00e3o Executivo.<\/p><p><strong>ii. O Conselho Cient\u00edfico<\/strong>, constitu\u00eddo e empossado pela primeira vez, a 30 de abril de 2018, pela Sra. Ministra das Infra-Estruturas, do Ordenamento do Territ\u00f3rio e Habita\u00e7\u00e3o, e composto por elementos das seguintes Institui\u00e7\u00f5es:<\/p><ul><li>Minist\u00e9rio da Educa\u00e7\u00e3o;<\/li><li>Ordem dos Engenheiros de Cabo Verde;<\/li><li>Ordem dos Arquitectos de Cabo Verde;<\/li><li>UniPiaget;<\/li><li>UniCV<\/li><\/ul><p>Para cada um dos elementos do Conselho Cient\u00edfico foi indicado um suplente, por forma a evitar constrangimentos no funcionamento do Conselho, que deve reunir estatutariamente duas vezes ao ano.<\/p><p><b>\u00a0iii. O Fiscal \u00danico &#8211; <\/b>Constitu\u00eddo por um elemento<\/p>\t\t\t\t\t\t\t\t<\/div>\n\t\t\t\t<\/div>\n\t\t\t\t\t<\/div>\n\t\t<\/div>\n\t\t\t\t\t<\/div>\n\t\t<\/section>\n\t\t\t\t<section class=\"elementor-section elementor-top-section elementor-element elementor-element-7bee33a elementor-section-boxed elementor-section-height-default elementor-section-height-default\" data-id=\"7bee33a\" data-element_type=\"section\" data-settings=\"{&quot;background_background&quot;:&quot;classic&quot;}\">\n\t\t\t\t\t\t<div class=\"elementor-container elementor-column-gap-default\">\n\t\t\t\t\t<div class=\"elementor-column elementor-col-100 elementor-top-column elementor-element elementor-element-3f56ff2a\" data-id=\"3f56ff2a\" data-element_type=\"column\">\n\t\t\t<div class=\"elementor-widget-wrap elementor-element-populated\">\n\t\t\t\t\t\t<div class=\"elementor-element elementor-element-18578eb1 elementor-shape-circle e-grid-align-right elementor-grid-0 elementor-widget elementor-widget-social-icons\" data-id=\"18578eb1\" data-element_type=\"widget\" data-widget_type=\"social-icons.default\">\n\t\t\t\t<div class=\"elementor-widget-container\">\n\t\t\t\t\t\t\t<div class=\"elementor-social-icons-wrapper elementor-grid\" role=\"list\">\n\t\t\t\t\t\t\t<span class=\"elementor-grid-item\" role=\"listitem\">\n\t\t\t\t\t<a class=\"elementor-icon elementor-social-icon elementor-social-icon-facebook-f elementor-animation-pulse elementor-repeater-item-31120fd\" href=\"https:\/\/www.facebook.com\/LECCaboverde\" target=\"_blank\">\n\t\t\t\t\t\t<span class=\"elementor-screen-only\">Facebook-f<\/span>\n\t\t\t\t\t\t<i class=\"fab fa-facebook-f\"><\/i>\t\t\t\t\t<\/a>\n\t\t\t\t<\/span>\n\t\t\t\t\t\t\t<span class=\"elementor-grid-item\" role=\"listitem\">\n\t\t\t\t\t<a class=\"elementor-icon elementor-social-icon elementor-social-icon-twitter elementor-animation-pulse elementor-repeater-item-6ec3ea6\" href=\"https:\/\/www.twitter.com\/LECCaboverde\" target=\"_blank\">\n\t\t\t\t\t\t<span class=\"elementor-screen-only\">Twitter<\/span>\n\t\t\t\t\t\t<i class=\"fab fa-twitter\"><\/i>\t\t\t\t\t<\/a>\n\t\t\t\t<\/span>\n\t\t\t\t\t\t\t<span class=\"elementor-grid-item\" role=\"listitem\">\n\t\t\t\t\t<a class=\"elementor-icon elementor-social-icon elementor-social-icon-youtube elementor-animation-pulse elementor-repeater-item-f7b78fc\" href=\"https:\/\/www.youtube.com\/channel\/UC5EHRVEAT2YJ1aRvZk98ePA\" target=\"_blank\">\n\t\t\t\t\t\t<span class=\"elementor-screen-only\">Youtube<\/span>\n\t\t\t\t\t\t<i class=\"fab fa-youtube\"><\/i>\t\t\t\t\t<\/a>\n\t\t\t\t<\/span>\n\t\t\t\t\t<\/div>\n\t\t\t\t\t\t<\/div>\n\t\t\t\t<\/div>\n\t\t\t\t\t<\/div>\n\t\t<\/div>\n\t\t\t\t\t<\/div>\n\t\t<\/section>\n\t\t\t\t<\/div>\n\t\t","protected":false},"excerpt":{"rendered":"<p>Sobre N\u00f3s Nossa hist\u00f3ria e evolu\u00e7\u00e3o ao longo dos anos O Laborat\u00f3rio de Engenharia Civil, apesar de funcionar desde 1991, nos controles das Obras do Porto da Praia, conforme informa\u00e7\u00f5es recolhidas e registos da Institui\u00e7\u00e3o, \u00e9 a 28 de Setembro, pelo do Decreto-Lei N\u00ba 119\/92, que se cria o Laborat\u00f3rio de Engenharia Civil de Cabo &#8230; <a title=\"Quem Somos\" class=\"read-more\" href=\"https:\/\/lec.cv\/lecepe\/quem-somos\/\" aria-label=\"Mais sobre Quem Somos\">Ler mais<\/a><\/p>\n","protected":false},"author":1,"featured_media":0,"parent":0,"menu_order":0,"comment_status":"closed","ping_status":"closed","template":"","meta":{"om_disable_all_campaigns":false,"_monsterinsights_skip_tracking":false,"_monsterinsights_sitenote_active":false,"_monsterinsights_sitenote_note":"","_monsterinsights_sitenote_category":0,"footnotes":""},"class_list":["post-92","page","type-page","status-publish"],"aioseo_notices":[],"yoast_head":"<!-- This site is optimized with the Yoast SEO plugin v27.2 - https:\/\/yoast.com\/product\/yoast-seo-wordpress\/ -->\n<title>Quem Somos - LEC-EPE<\/title>\n<meta name=\"robots\" content=\"index, follow, max-snippet:-1, max-image-preview:large, max-video-preview:-1\" \/>\n<link rel=\"canonical\" href=\"https:\/\/lec.cv\/lecepe\/quem-somos\/\" \/>\n<meta property=\"og:locale\" content=\"pt_PT\" \/>\n<meta property=\"og:type\" content=\"article\" \/>\n<meta property=\"og:title\" content=\"Quem Somos - LEC-EPE\" \/>\n<meta property=\"og:description\" content=\"Sobre N\u00f3s Nossa hist\u00f3ria e evolu\u00e7\u00e3o ao longo dos anos O Laborat\u00f3rio de Engenharia Civil, apesar de funcionar desde 1991, nos controles das Obras do Porto da Praia, conforme informa\u00e7\u00f5es recolhidas e registos da Institui\u00e7\u00e3o, \u00e9 a 28 de Setembro, pelo do Decreto-Lei N\u00ba 119\/92, que se cria o Laborat\u00f3rio de Engenharia Civil de Cabo ... Ler mais\" \/>\n<meta property=\"og:url\" content=\"https:\/\/lec.cv\/lecepe\/quem-somos\/\" \/>\n<meta property=\"og:site_name\" content=\"LEC-EPE\" \/>\n<meta property=\"article:publisher\" content=\"http:\/\/www.facebook.com\/LECCaboverde\" \/>\n<meta property=\"article:modified_time\" content=\"2020-04-16T19:55:43+00:00\" \/>\n<meta property=\"og:image\" content=\"https:\/\/lec.cv\/lecepe\/wp-content\/uploads\/2019\/05\/grafico-evolution-768x498.png\" \/>\n<meta name=\"twitter:card\" content=\"summary_large_image\" \/>\n<meta name=\"twitter:label1\" content=\"Tempo estimado de leitura\" \/>\n\t<meta name=\"twitter:data1\" content=\"1 minuto\" \/>\n<script type=\"application\/ld+json\" class=\"yoast-schema-graph\">{\"@context\":\"https:\/\/schema.org\",\"@graph\":[{\"@type\":\"WebPage\",\"@id\":\"https:\/\/lec.cv\/lecepe\/quem-somos\/\",\"url\":\"https:\/\/lec.cv\/lecepe\/quem-somos\/\",\"name\":\"Quem Somos - LEC-EPE\",\"isPartOf\":{\"@id\":\"https:\/\/lec.cv\/lecepe\/#website\"},\"primaryImageOfPage\":{\"@id\":\"https:\/\/lec.cv\/lecepe\/quem-somos\/#primaryimage\"},\"image\":{\"@id\":\"https:\/\/lec.cv\/lecepe\/quem-somos\/#primaryimage\"},\"thumbnailUrl\":\"https:\/\/lec.cv\/lecepe\/wp-content\/uploads\/2019\/05\/grafico-evolution-768x498.png\",\"datePublished\":\"2018-07-24T12:30:30+00:00\",\"dateModified\":\"2020-04-16T19:55:43+00:00\",\"breadcrumb\":{\"@id\":\"https:\/\/lec.cv\/lecepe\/quem-somos\/#breadcrumb\"},\"inLanguage\":\"pt-PT\",\"potentialAction\":[{\"@type\":\"ReadAction\",\"target\":[\"https:\/\/lec.cv\/lecepe\/quem-somos\/\"]}]},{\"@type\":\"ImageObject\",\"inLanguage\":\"pt-PT\",\"@id\":\"https:\/\/lec.cv\/lecepe\/quem-somos\/#primaryimage\",\"url\":\"https:\/\/lec.cv\/lecepe\/wp-content\/uploads\/2019\/05\/grafico-evolution-768x498.png\",\"contentUrl\":\"https:\/\/lec.cv\/lecepe\/wp-content\/uploads\/2019\/05\/grafico-evolution-768x498.png\"},{\"@type\":\"BreadcrumbList\",\"@id\":\"https:\/\/lec.cv\/lecepe\/quem-somos\/#breadcrumb\",\"itemListElement\":[{\"@type\":\"ListItem\",\"position\":1,\"name\":\"In\u00edcio\",\"item\":\"https:\/\/lec.cv\/lecepe\/\"},{\"@type\":\"ListItem\",\"position\":2,\"name\":\"Quem Somos\"}]},{\"@type\":\"WebSite\",\"@id\":\"https:\/\/lec.cv\/lecepe\/#website\",\"url\":\"https:\/\/lec.cv\/lecepe\/\",\"name\":\"LEC-EPE\",\"description\":\"Laboratorio de Engenharia Civil de Cabo Verde\",\"publisher\":{\"@id\":\"https:\/\/lec.cv\/lecepe\/#organization\"},\"potentialAction\":[{\"@type\":\"SearchAction\",\"target\":{\"@type\":\"EntryPoint\",\"urlTemplate\":\"https:\/\/lec.cv\/lecepe\/?s={search_term_string}\"},\"query-input\":{\"@type\":\"PropertyValueSpecification\",\"valueRequired\":true,\"valueName\":\"search_term_string\"}}],\"inLanguage\":\"pt-PT\"},{\"@type\":\"Organization\",\"@id\":\"https:\/\/lec.cv\/lecepe\/#organization\",\"name\":\"LEC-EPE\",\"url\":\"https:\/\/lec.cv\/lecepe\/\",\"logo\":{\"@type\":\"ImageObject\",\"inLanguage\":\"pt-PT\",\"@id\":\"https:\/\/lec.cv\/lecepe\/#\/schema\/logo\/image\/\",\"url\":\"https:\/\/lec.cv\/lecepe\/wp-content\/uploads\/2019\/05\/cropped-ID_Site.png\",\"contentUrl\":\"https:\/\/lec.cv\/lecepe\/wp-content\/uploads\/2019\/05\/cropped-ID_Site.png\",\"width\":218,\"height\":70,\"caption\":\"LEC-EPE\"},\"image\":{\"@id\":\"https:\/\/lec.cv\/lecepe\/#\/schema\/logo\/image\/\"},\"sameAs\":[\"http:\/\/www.facebook.com\/LECCaboverde\"]}]}<\/script>\n<!-- \/ Yoast SEO plugin. -->","yoast_head_json":{"title":"Quem Somos - LEC-EPE","robots":{"index":"index","follow":"follow","max-snippet":"max-snippet:-1","max-image-preview":"max-image-preview:large","max-video-preview":"max-video-preview:-1"},"canonical":"https:\/\/lec.cv\/lecepe\/quem-somos\/","og_locale":"pt_PT","og_type":"article","og_title":"Quem Somos - LEC-EPE","og_description":"Sobre N\u00f3s Nossa hist\u00f3ria e evolu\u00e7\u00e3o ao longo dos anos O Laborat\u00f3rio de Engenharia Civil, apesar de funcionar desde 1991, nos controles das Obras do Porto da Praia, conforme informa\u00e7\u00f5es recolhidas e registos da Institui\u00e7\u00e3o, \u00e9 a 28 de Setembro, pelo do Decreto-Lei N\u00ba 119\/92, que se cria o Laborat\u00f3rio de Engenharia Civil de Cabo ... Ler mais","og_url":"https:\/\/lec.cv\/lecepe\/quem-somos\/","og_site_name":"LEC-EPE","article_publisher":"http:\/\/www.facebook.com\/LECCaboverde","article_modified_time":"2020-04-16T19:55:43+00:00","og_image":[{"url":"https:\/\/lec.cv\/lecepe\/wp-content\/uploads\/2019\/05\/grafico-evolution-768x498.png","type":"","width":"","height":""}],"twitter_card":"summary_large_image","twitter_misc":{"Tempo estimado de leitura":"1 minuto"},"schema":{"@context":"https:\/\/schema.org","@graph":[{"@type":"WebPage","@id":"https:\/\/lec.cv\/lecepe\/quem-somos\/","url":"https:\/\/lec.cv\/lecepe\/quem-somos\/","name":"Quem Somos - LEC-EPE","isPartOf":{"@id":"https:\/\/lec.cv\/lecepe\/#website"},"primaryImageOfPage":{"@id":"https:\/\/lec.cv\/lecepe\/quem-somos\/#primaryimage"},"image":{"@id":"https:\/\/lec.cv\/lecepe\/quem-somos\/#primaryimage"},"thumbnailUrl":"https:\/\/lec.cv\/lecepe\/wp-content\/uploads\/2019\/05\/grafico-evolution-768x498.png","datePublished":"2018-07-24T12:30:30+00:00","dateModified":"2020-04-16T19:55:43+00:00","breadcrumb":{"@id":"https:\/\/lec.cv\/lecepe\/quem-somos\/#breadcrumb"},"inLanguage":"pt-PT","potentialAction":[{"@type":"ReadAction","target":["https:\/\/lec.cv\/lecepe\/quem-somos\/"]}]},{"@type":"ImageObject","inLanguage":"pt-PT","@id":"https:\/\/lec.cv\/lecepe\/quem-somos\/#primaryimage","url":"https:\/\/lec.cv\/lecepe\/wp-content\/uploads\/2019\/05\/grafico-evolution-768x498.png","contentUrl":"https:\/\/lec.cv\/lecepe\/wp-content\/uploads\/2019\/05\/grafico-evolution-768x498.png"},{"@type":"BreadcrumbList","@id":"https:\/\/lec.cv\/lecepe\/quem-somos\/#breadcrumb","itemListElement":[{"@type":"ListItem","position":1,"name":"In\u00edcio","item":"https:\/\/lec.cv\/lecepe\/"},{"@type":"ListItem","position":2,"name":"Quem Somos"}]},{"@type":"WebSite","@id":"https:\/\/lec.cv\/lecepe\/#website","url":"https:\/\/lec.cv\/lecepe\/","name":"LEC-EPE","description":"Laboratorio de Engenharia Civil de Cabo Verde","publisher":{"@id":"https:\/\/lec.cv\/lecepe\/#organization"},"potentialAction":[{"@type":"SearchAction","target":{"@type":"EntryPoint","urlTemplate":"https:\/\/lec.cv\/lecepe\/?s={search_term_string}"},"query-input":{"@type":"PropertyValueSpecification","valueRequired":true,"valueName":"search_term_string"}}],"inLanguage":"pt-PT"},{"@type":"Organization","@id":"https:\/\/lec.cv\/lecepe\/#organization","name":"LEC-EPE","url":"https:\/\/lec.cv\/lecepe\/","logo":{"@type":"ImageObject","inLanguage":"pt-PT","@id":"https:\/\/lec.cv\/lecepe\/#\/schema\/logo\/image\/","url":"https:\/\/lec.cv\/lecepe\/wp-content\/uploads\/2019\/05\/cropped-ID_Site.png","contentUrl":"https:\/\/lec.cv\/lecepe\/wp-content\/uploads\/2019\/05\/cropped-ID_Site.png","width":218,"height":70,"caption":"LEC-EPE"},"image":{"@id":"https:\/\/lec.cv\/lecepe\/#\/schema\/logo\/image\/"},"sameAs":["http:\/\/www.facebook.com\/LECCaboverde"]}]}},"_links":{"self":[{"href":"https:\/\/lec.cv\/lecepe\/wp-json\/wp\/v2\/pages\/92","targetHints":{"allow":["GET"]}}],"collection":[{"href":"https:\/\/lec.cv\/lecepe\/wp-json\/wp\/v2\/pages"}],"about":[{"href":"https:\/\/lec.cv\/lecepe\/wp-json\/wp\/v2\/types\/page"}],"author":[{"embeddable":true,"href":"https:\/\/lec.cv\/lecepe\/wp-json\/wp\/v2\/users\/1"}],"replies":[{"embeddable":true,"href":"https:\/\/lec.cv\/lecepe\/wp-json\/wp\/v2\/comments?post=92"}],"version-history":[{"count":39,"href":"https:\/\/lec.cv\/lecepe\/wp-json\/wp\/v2\/pages\/92\/revisions"}],"predecessor-version":[{"id":2300,"href":"https:\/\/lec.cv\/lecepe\/wp-json\/wp\/v2\/pages\/92\/revisions\/2300"}],"wp:attachment":[{"href":"https:\/\/lec.cv\/lecepe\/wp-json\/wp\/v2\/media?parent=92"}],"curies":[{"name":"wp","href":"https:\/\/api.w.org\/{rel}","templated":true}]}}